{"id":193,"date":"2025-05-22T00:22:35","date_gmt":"2025-05-21T21:22:35","guid":{"rendered":"https:\/\/www.7sense.tr\/?page_id=193"},"modified":"2025-05-29T02:57:36","modified_gmt":"2025-05-28T23:57:36","slug":"hakkimizda","status":"publish","type":"page","link":"https:\/\/www.7sense.tr\/index.php\/hakkimizda\/","title":{"rendered":"Hakk\u0131m\u0131zda"},"content":{"rendered":"\t\t<div data-elementor-type=\"wp-page\" data-elementor-id=\"193\" class=\"elementor elementor-193\" data-elementor-post-type=\"page\">\n\t\t\t\t<div class=\"elementor-element elementor-element-7fb64ae0 e-flex e-con-boxed e-con e-parent\" data-id=\"7fb64ae0\" data-element_type=\"container\" data-settings=\"{&quot;background_background&quot;:&quot;gradient&quot;}\">\n\t\t\t\t\t<div class=\"e-con-inner\">\n\t\t<div class=\"elementor-element elementor-element-48810c1 e-con-full e-flex e-con e-child\" data-id=\"48810c1\" data-element_type=\"container\">\n\t\t\t\t<div class=\"elementor-element elementor-element-330d602e elementor-widget elementor-widget-heading\" data-id=\"330d602e\" data-element_type=\"widget\" data-widget_type=\"heading.default\">\n\t\t\t\t<div class=\"elementor-widget-container\">\n\t\t\t\t\t<h1 class=\"elementor-heading-title elementor-size-default\">7Sense<\/h1>\t\t\t\t<\/div>\n\t\t\t\t<\/div>\n\t\t\t\t<div class=\"elementor-element elementor-element-3203661c elementor-widget elementor-widget-text-editor\" data-id=\"3203661c\" data-element_type=\"widget\" data-widget_type=\"text-editor.default\">\n\t\t\t\t<div class=\"elementor-widget-container\">\n\t\t\t\t\t\t\t\t\t<p><strong data-start=\"92\" data-end=\"102\">7Sense<\/strong>, telehaptik teknolojiler geli\u015ftiren Estonya merkezli bir derin teknoloji giri\u015fimidir.<br data-start=\"188\" data-end=\"191\" \/>2015 y\u0131l\u0131nda kurulan \u015firketin CEO\u2019su <strong data-start=\"228\" data-end=\"249\">Johannes V\u00e4\u00e4n\u00e4nen<\/strong>, dokunma duyusunu dijitalle\u015ftirme vizyonunu ortaya koymu\u015ftur.<br data-start=\"311\" data-end=\"314\" \/>O zamandan bu yana \u015firket, bu alanda \u00f6nemli ilerlemeler kaydetmi\u015ftir.<\/p>\t\t\t\t\t\t\t\t<\/div>\n\t\t\t\t<\/div>\n\t\t\t\t<\/div>\n\t\t<div class=\"elementor-element elementor-element-500e10a6 e-con-full e-flex e-con e-child\" data-id=\"500e10a6\" data-element_type=\"container\">\n\t\t\t\t<\/div>\n\t\t\t\t\t<\/div>\n\t\t\t\t<\/div>\n\t\t<div class=\"elementor-element elementor-element-789cd71c e-flex e-con-boxed e-con e-parent\" data-id=\"789cd71c\" data-element_type=\"container\" data-settings=\"{&quot;background_background&quot;:&quot;classic&quot;}\">\n\t\t\t\t\t<div class=\"e-con-inner\">\n\t\t\t\t<div class=\"elementor-element elementor-element-547fdd07 elementor-widget elementor-widget-heading\" data-id=\"547fdd07\" data-element_type=\"widget\" data-widget_type=\"heading.default\">\n\t\t\t\t<div class=\"elementor-widget-container\">\n\t\t\t\t\t<h1 class=\"elementor-heading-title elementor-size-default\">Nas\u0131l Ba\u015flad\u0131?<\/h1>\t\t\t\t<\/div>\n\t\t\t\t<\/div>\n\t\t\t\t<div class=\"elementor-element elementor-element-65d5f970 elementor-widget elementor-widget-spacer\" data-id=\"65d5f970\" data-element_type=\"widget\" data-widget_type=\"spacer.default\">\n\t\t\t\t<div class=\"elementor-widget-container\">\n\t\t\t\t\t\t\t<div class=\"elementor-spacer\">\n\t\t\t<div class=\"elementor-spacer-inner\"><\/div>\n\t\t<\/div>\n\t\t\t\t\t\t<\/div>\n\t\t\t\t<\/div>\n\t\t\t\t\t<\/div>\n\t\t\t\t<\/div>\n\t\t<div class=\"elementor-element elementor-element-1fd3f5b e-flex e-con-boxed e-con e-parent\" data-id=\"1fd3f5b\" data-element_type=\"container\" data-settings=\"{&quot;background_background&quot;:&quot;gradient&quot;}\">\n\t\t\t\t\t<div class=\"e-con-inner\">\n\t\t<div class=\"elementor-element elementor-element-1cc5b91 e-con-full e-flex e-con e-child\" data-id=\"1cc5b91\" data-element_type=\"container\">\n\t\t\t\t<div class=\"elementor-element elementor-element-7b1da0f elementor-widget elementor-widget-heading\" data-id=\"7b1da0f\" data-element_type=\"widget\" data-widget_type=\"heading.default\">\n\t\t\t\t<div class=\"elementor-widget-container\">\n\t\t\t\t\t<h1 class=\"elementor-heading-title elementor-size-default\">Yunaks Teknoloji<\/h1>\t\t\t\t<\/div>\n\t\t\t\t<\/div>\n\t\t\t\t<div class=\"elementor-element elementor-element-e03e6d0 elementor-widget elementor-widget-text-editor\" data-id=\"e03e6d0\" data-element_type=\"widget\" data-widget_type=\"text-editor.default\">\n\t\t\t\t<div class=\"elementor-widget-container\">\n\t\t\t\t\t\t\t\t\t<p data-start=\"77\" data-end=\"391\">Yunaks Teknoloji Ticaret Ltd. \u015eti. olarak, ileri teknolojiyi herkes i\u00e7in eri\u015filebilir hale getirme hedefiyle \u00e7al\u0131\u015fmalar\u0131m\u0131za devam ediyoruz. 7Sense markas\u0131n\u0131n T\u00fcrkiye distrib\u00fct\u00f6r\u00fc olmaktan ve g\u00f6rme engelli bireylerin ya\u015fam kalitesini art\u0131rmaya y\u00f6nelik \u00e7\u00f6z\u00fcmleri \u00fclkemize kazand\u0131rmaktan b\u00fcy\u00fck bir gurur duyuyoruz.<\/p><p data-start=\"393\" data-end=\"699\">7Sense, dokunsal geribildirim teknolojisiyle, g\u00f6rme engelli bireylerin \u00e7evrelerini daha iyi alg\u0131lamalar\u0131na olanak tan\u0131yan yenilik\u00e7i bir markad\u0131r. Biz de bu yenilik\u00e7i vizyonu destekleyerek, teknolojiyi hayat\u0131 kolayla\u015ft\u0131ran bir ara\u00e7 haline getirmeyi ve kullan\u0131c\u0131lar\u0131m\u0131z\u0131n hayatlar\u0131na dokunmay\u0131 ama\u00e7l\u0131yoruz.<\/p><p data-start=\"701\" data-end=\"1003\">M\u00fc\u015fterilerimizin ihtiya\u00e7lar\u0131n\u0131 ve geri bildirimlerini her zaman \u00f6nceli\u011fimiz olarak g\u00f6r\u00fcyor, sat\u0131\u015f \u00f6ncesi ve sonras\u0131 destekle her zaman yan\u0131n\u0131zda oldu\u011fumuzu belirtmek istiyoruz. Sizleri, Ankara\u2019daki ofisimizde 7Sense teknolojisini yak\u0131ndan deneyimlemeye ve bu e\u015fsiz deneyimi ke\u015ffetmeye davet ediyoruz.<\/p>\t\t\t\t\t\t\t\t<\/div>\n\t\t\t\t<\/div>\n\t\t\t\t<\/div>\n\t\t\t\t\t<\/div>\n\t\t\t\t<\/div>\n\t\t<div class=\"elementor-element elementor-element-a948920 e-flex e-con-boxed e-con e-parent\" data-id=\"a948920\" data-element_type=\"container\">\n\t\t\t\t\t<div class=\"e-con-inner\">\n\t\t<div class=\"elementor-element elementor-element-009ae17 e-con-full e-flex e-con e-child\" data-id=\"009ae17\" data-element_type=\"container\">\n\t\t\t\t<div class=\"elementor-element elementor-element-7ab841a elementor-widget elementor-widget-image\" data-id=\"7ab841a\" data-element_type=\"widget\" data-widget_type=\"image.default\">\n\t\t\t\t<div class=\"elementor-widget-container\">\n\t\t\t\t\t\t\t\t\t\t\t\t\t\t\t<img fetchpriority=\"high\" decoding=\"async\" width=\"592\" height=\"132\" src=\"https:\/\/www.7sense.tr\/wp-content\/uploads\/2025\/05\/EU-EIC-funding.png\" class=\"attachment-large size-large wp-image-12\" alt=\"\" srcset=\"https:\/\/www.7sense.tr\/wp-content\/uploads\/2025\/05\/EU-EIC-funding.png 592w, https:\/\/www.7sense.tr\/wp-content\/uploads\/2025\/05\/EU-EIC-funding-300x67.png 300w\" sizes=\"(max-width: 592px) 100vw, 592px\" \/>\t\t\t\t\t\t\t\t\t\t\t\t\t\t\t<\/div>\n\t\t\t\t<\/div>\n\t\t\t\t<\/div>\n\t\t<div class=\"elementor-element elementor-element-ceae616 e-con-full e-flex e-con e-child\" data-id=\"ceae616\" data-element_type=\"container\">\n\t\t\t\t<div class=\"elementor-element elementor-element-750a118 elementor-widget elementor-widget-image\" data-id=\"750a118\" data-element_type=\"widget\" data-widget_type=\"image.default\">\n\t\t\t\t<div class=\"elementor-widget-container\">\n\t\t\t\t\t\t\t\t\t\t\t\t\t\t\t<img decoding=\"async\" width=\"500\" height=\"216\" src=\"https:\/\/www.7sense.tr\/wp-content\/uploads\/2025\/05\/nvidia-inception-program-badge-rgb-for-screen.svg\" class=\"attachment-large size-large wp-image-13\" alt=\"\" \/>\t\t\t\t\t\t\t\t\t\t\t\t\t\t\t<\/div>\n\t\t\t\t<\/div>\n\t\t\t\t<\/div>\n\t\t<div class=\"elementor-element elementor-element-5b1c31c e-con-full e-flex e-con e-child\" data-id=\"5b1c31c\" data-element_type=\"container\">\n\t\t\t\t<div class=\"elementor-element elementor-element-87f1915 elementor-widget elementor-widget-image\" data-id=\"87f1915\" data-element_type=\"widget\" data-widget_type=\"image.default\">\n\t\t\t\t<div class=\"elementor-widget-container\">\n\t\t\t\t\t\t\t\t\t\t\t\t\t\t\t<img decoding=\"async\" width=\"539\" height=\"142\" src=\"https:\/\/www.7sense.tr\/wp-content\/uploads\/2025\/05\/unnamed-1.png\" class=\"attachment-large size-large wp-image-14\" alt=\"\" srcset=\"https:\/\/www.7sense.tr\/wp-content\/uploads\/2025\/05\/unnamed-1.png 539w, https:\/\/www.7sense.tr\/wp-content\/uploads\/2025\/05\/unnamed-1-300x79.png 300w\" sizes=\"(max-width: 539px) 100vw, 539px\" \/>\t\t\t\t\t\t\t\t\t\t\t\t\t\t\t<\/div>\n\t\t\t\t<\/div>\n\t\t\t\t<\/div>\n\t\t<div class=\"elementor-element elementor-element-6ba2776 e-con-full e-flex e-con e-child\" data-id=\"6ba2776\" data-element_type=\"container\">\n\t\t\t\t<div class=\"elementor-element elementor-element-80a682d elementor-widget elementor-widget-image\" data-id=\"80a682d\" data-element_type=\"widget\" data-widget_type=\"image.default\">\n\t\t\t\t<div class=\"elementor-widget-container\">\n\t\t\t\t\t\t\t\t\t\t\t\t\t\t\t<img loading=\"lazy\" decoding=\"async\" width=\"786\" height=\"336\" src=\"https:\/\/www.7sense.tr\/wp-content\/uploads\/2025\/05\/m4s-badge.png\" class=\"attachment-large size-large wp-image-15\" alt=\"\" srcset=\"https:\/\/www.7sense.tr\/wp-content\/uploads\/2025\/05\/m4s-badge.png 786w, https:\/\/www.7sense.tr\/wp-content\/uploads\/2025\/05\/m4s-badge-300x128.png 300w, https:\/\/www.7sense.tr\/wp-content\/uploads\/2025\/05\/m4s-badge-768x328.png 768w\" sizes=\"(max-width: 786px) 100vw, 786px\" \/>\t\t\t\t\t\t\t\t\t\t\t\t\t\t\t<\/div>\n\t\t\t\t<\/div>\n\t\t\t\t<\/div>\n\t\t\t\t\t<\/div>\n\t\t\t\t<\/div>\n\t\t\t\t<\/div>\n\t\t","protected":false},"excerpt":{"rendered":"<p>7Sense 7Sense, telehaptik teknolojiler geli\u015ftiren Estonya merkezli bir derin teknoloji giri\u015fimidir.2015 y\u0131l\u0131nda kurulan \u015firketin CEO\u2019su Johannes V\u00e4\u00e4n\u00e4nen, dokunma duyusunu dijitalle\u015ftirme vizyonunu ortaya koymu\u015ftur.O zamandan bu yana \u015firket, bu alanda \u00f6nemli ilerlemeler kaydetmi\u015ftir. Nas\u0131l Ba\u015flad\u0131? Yunaks Teknoloji Yunaks Teknoloji Ticaret Ltd. \u015eti. olarak, ileri teknolojiyi herkes i\u00e7in eri\u015filebilir hale getirme hedefiyle \u00e7al\u0131\u015fmalar\u0131m\u0131za devam ediyoruz. 7Sense markas\u0131n\u0131n [&hellip;]<\/p>\n","protected":false},"author":1,"featured_media":0,"parent":0,"menu_order":0,"comment_status":"closed","ping_status":"closed","template":"elementor_header_footer","meta":{"footnotes":""},"class_list":["post-193","page","type-page","status-publish","hentry"],"yoast_head":"<!-- This site is optimized with the Yoast SEO plugin v25.8 - https:\/\/yoast.com\/wordpress\/plugins\/seo\/ -->\n<title>Hakk\u0131m\u0131zda - 7Sense<\/title>\n<meta name=\"robots\" content=\"index, follow, max-snippet:-1, max-image-preview:large, max-video-preview:-1\" \/>\n<link rel=\"canonical\" href=\"https:\/\/www.7sense.tr\/index.php\/hakkimizda\/\" \/>\n<meta property=\"og:locale\" content=\"tr_TR\" \/>\n<meta property=\"og:type\" content=\"article\" \/>\n<meta property=\"og:title\" content=\"Hakk\u0131m\u0131zda - 7Sense\" \/>\n<meta property=\"og:description\" content=\"7Sense 7Sense, telehaptik teknolojiler geli\u015ftiren Estonya merkezli bir derin teknoloji giri\u015fimidir.2015 y\u0131l\u0131nda kurulan \u015firketin CEO\u2019su Johannes V\u00e4\u00e4n\u00e4nen, dokunma duyusunu dijitalle\u015ftirme vizyonunu ortaya koymu\u015ftur.O zamandan bu yana \u015firket, bu alanda \u00f6nemli ilerlemeler kaydetmi\u015ftir. Nas\u0131l Ba\u015flad\u0131? Yunaks Teknoloji Yunaks Teknoloji Ticaret Ltd. \u015eti. olarak, ileri teknolojiyi herkes i\u00e7in eri\u015filebilir hale getirme hedefiyle \u00e7al\u0131\u015fmalar\u0131m\u0131za devam ediyoruz. 7Sense markas\u0131n\u0131n [&hellip;]\" \/>\n<meta property=\"og:url\" content=\"https:\/\/www.7sense.tr\/index.php\/hakkimizda\/\" \/>\n<meta property=\"og:site_name\" content=\"7Sense\" \/>\n<meta property=\"article:publisher\" content=\"https:\/\/www.facebook.com\/7sense.tr\/\" \/>\n<meta property=\"article:modified_time\" content=\"2025-05-28T23:57:36+00:00\" \/>\n<meta property=\"og:image\" content=\"https:\/\/www.7sense.tr\/wp-content\/uploads\/2025\/05\/EU-EIC-funding.png\" \/>\n\t<meta property=\"og:image:width\" content=\"592\" \/>\n\t<meta property=\"og:image:height\" content=\"132\" \/>\n\t<meta property=\"og:image:type\" content=\"image\/png\" \/>\n<meta name=\"twitter:card\" content=\"summary_large_image\" \/>\n<meta name=\"twitter:label1\" content=\"Tahmini okuma s\u00fcresi\" \/>\n\t<meta name=\"twitter:data1\" content=\"1 dakika\" \/>\n<script type=\"application\/ld+json\" class=\"yoast-schema-graph\">{\"@context\":\"https:\/\/schema.org\",\"@graph\":[{\"@type\":\"WebPage\",\"@id\":\"https:\/\/www.7sense.tr\/index.php\/hakkimizda\/\",\"url\":\"https:\/\/www.7sense.tr\/index.php\/hakkimizda\/\",\"name\":\"Hakk\u0131m\u0131zda - 7Sense\",\"isPartOf\":{\"@id\":\"https:\/\/www.7sense.tr\/#website\"},\"primaryImageOfPage\":{\"@id\":\"https:\/\/www.7sense.tr\/index.php\/hakkimizda\/#primaryimage\"},\"image\":{\"@id\":\"https:\/\/www.7sense.tr\/index.php\/hakkimizda\/#primaryimage\"},\"thumbnailUrl\":\"https:\/\/www.7sense.tr\/wp-content\/uploads\/2025\/05\/EU-EIC-funding.png\",\"datePublished\":\"2025-05-21T21:22:35+00:00\",\"dateModified\":\"2025-05-28T23:57:36+00:00\",\"breadcrumb\":{\"@id\":\"https:\/\/www.7sense.tr\/index.php\/hakkimizda\/#breadcrumb\"},\"inLanguage\":\"tr\",\"potentialAction\":[{\"@type\":\"ReadAction\",\"target\":[\"https:\/\/www.7sense.tr\/index.php\/hakkimizda\/\"]}]},{\"@type\":\"ImageObject\",\"inLanguage\":\"tr\",\"@id\":\"https:\/\/www.7sense.tr\/index.php\/hakkimizda\/#primaryimage\",\"url\":\"https:\/\/www.7sense.tr\/wp-content\/uploads\/2025\/05\/EU-EIC-funding.png\",\"contentUrl\":\"https:\/\/www.7sense.tr\/wp-content\/uploads\/2025\/05\/EU-EIC-funding.png\",\"width\":592,\"height\":132},{\"@type\":\"BreadcrumbList\",\"@id\":\"https:\/\/www.7sense.tr\/index.php\/hakkimizda\/#breadcrumb\",\"itemListElement\":[{\"@type\":\"ListItem\",\"position\":1,\"name\":\"Anasayfa\",\"item\":\"https:\/\/www.7sense.tr\/\"},{\"@type\":\"ListItem\",\"position\":2,\"name\":\"Hakk\u0131m\u0131zda\"}]},{\"@type\":\"WebSite\",\"@id\":\"https:\/\/www.7sense.tr\/#website\",\"url\":\"https:\/\/www.7sense.tr\/\",\"name\":\"7Sense\",\"description\":\"G\u00f6rsel D\u00fcnyay\u0131 Hisset!\",\"publisher\":{\"@id\":\"https:\/\/www.7sense.tr\/#organization\"},\"alternateName\":\"7sense\",\"potentialAction\":[{\"@type\":\"SearchAction\",\"target\":{\"@type\":\"EntryPoint\",\"urlTemplate\":\"https:\/\/www.7sense.tr\/?s={search_term_string}\"},\"query-input\":{\"@type\":\"PropertyValueSpecification\",\"valueRequired\":true,\"valueName\":\"search_term_string\"}}],\"inLanguage\":\"tr\"},{\"@type\":\"Organization\",\"@id\":\"https:\/\/www.7sense.tr\/#organization\",\"name\":\"7Sense\",\"url\":\"https:\/\/www.7sense.tr\/\",\"logo\":{\"@type\":\"ImageObject\",\"inLanguage\":\"tr\",\"@id\":\"https:\/\/www.7sense.tr\/#\/schema\/logo\/image\/\",\"url\":\"https:\/\/www.7sense.tr\/wp-content\/uploads\/2025\/05\/cropped-cropped-7s_colored-1.webp\",\"contentUrl\":\"https:\/\/www.7sense.tr\/wp-content\/uploads\/2025\/05\/cropped-cropped-7s_colored-1.webp\",\"width\":923,\"height\":612,\"caption\":\"7Sense\"},\"image\":{\"@id\":\"https:\/\/www.7sense.tr\/#\/schema\/logo\/image\/\"},\"sameAs\":[\"https:\/\/www.facebook.com\/7sense.tr\/\",\"https:\/\/www.instagram.com\/7sense.tr\/\",\"https:\/\/www.youtube.com\/@7sense_tr\"]}]}<\/script>\n<!-- \/ Yoast SEO plugin. -->","yoast_head_json":{"title":"Hakk\u0131m\u0131zda - 7Sense","robots":{"index":"index","follow":"follow","max-snippet":"max-snippet:-1","max-image-preview":"max-image-preview:large","max-video-preview":"max-video-preview:-1"},"canonical":"https:\/\/www.7sense.tr\/index.php\/hakkimizda\/","og_locale":"tr_TR","og_type":"article","og_title":"Hakk\u0131m\u0131zda - 7Sense","og_description":"7Sense 7Sense, telehaptik teknolojiler geli\u015ftiren Estonya merkezli bir derin teknoloji giri\u015fimidir.2015 y\u0131l\u0131nda kurulan \u015firketin CEO\u2019su Johannes V\u00e4\u00e4n\u00e4nen, dokunma duyusunu dijitalle\u015ftirme vizyonunu ortaya koymu\u015ftur.O zamandan bu yana \u015firket, bu alanda \u00f6nemli ilerlemeler kaydetmi\u015ftir. Nas\u0131l Ba\u015flad\u0131? Yunaks Teknoloji Yunaks Teknoloji Ticaret Ltd. \u015eti. olarak, ileri teknolojiyi herkes i\u00e7in eri\u015filebilir hale getirme hedefiyle \u00e7al\u0131\u015fmalar\u0131m\u0131za devam ediyoruz. 7Sense markas\u0131n\u0131n [&hellip;]","og_url":"https:\/\/www.7sense.tr\/index.php\/hakkimizda\/","og_site_name":"7Sense","article_publisher":"https:\/\/www.facebook.com\/7sense.tr\/","article_modified_time":"2025-05-28T23:57:36+00:00","og_image":[{"width":592,"height":132,"url":"https:\/\/www.7sense.tr\/wp-content\/uploads\/2025\/05\/EU-EIC-funding.png","type":"image\/png"}],"twitter_card":"summary_large_image","twitter_misc":{"Tahmini okuma s\u00fcresi":"1 dakika"},"schema":{"@context":"https:\/\/schema.org","@graph":[{"@type":"WebPage","@id":"https:\/\/www.7sense.tr\/index.php\/hakkimizda\/","url":"https:\/\/www.7sense.tr\/index.php\/hakkimizda\/","name":"Hakk\u0131m\u0131zda - 7Sense","isPartOf":{"@id":"https:\/\/www.7sense.tr\/#website"},"primaryImageOfPage":{"@id":"https:\/\/www.7sense.tr\/index.php\/hakkimizda\/#primaryimage"},"image":{"@id":"https:\/\/www.7sense.tr\/index.php\/hakkimizda\/#primaryimage"},"thumbnailUrl":"https:\/\/www.7sense.tr\/wp-content\/uploads\/2025\/05\/EU-EIC-funding.png","datePublished":"2025-05-21T21:22:35+00:00","dateModified":"2025-05-28T23:57:36+00:00","breadcrumb":{"@id":"https:\/\/www.7sense.tr\/index.php\/hakkimizda\/#breadcrumb"},"inLanguage":"tr","potentialAction":[{"@type":"ReadAction","target":["https:\/\/www.7sense.tr\/index.php\/hakkimizda\/"]}]},{"@type":"ImageObject","inLanguage":"tr","@id":"https:\/\/www.7sense.tr\/index.php\/hakkimizda\/#primaryimage","url":"https:\/\/www.7sense.tr\/wp-content\/uploads\/2025\/05\/EU-EIC-funding.png","contentUrl":"https:\/\/www.7sense.tr\/wp-content\/uploads\/2025\/05\/EU-EIC-funding.png","width":592,"height":132},{"@type":"BreadcrumbList","@id":"https:\/\/www.7sense.tr\/index.php\/hakkimizda\/#breadcrumb","itemListElement":[{"@type":"ListItem","position":1,"name":"Anasayfa","item":"https:\/\/www.7sense.tr\/"},{"@type":"ListItem","position":2,"name":"Hakk\u0131m\u0131zda"}]},{"@type":"WebSite","@id":"https:\/\/www.7sense.tr\/#website","url":"https:\/\/www.7sense.tr\/","name":"7Sense","description":"G\u00f6rsel D\u00fcnyay\u0131 Hisset!","publisher":{"@id":"https:\/\/www.7sense.tr\/#organization"},"alternateName":"7sense","potentialAction":[{"@type":"SearchAction","target":{"@type":"EntryPoint","urlTemplate":"https:\/\/www.7sense.tr\/?s={search_term_string}"},"query-input":{"@type":"PropertyValueSpecification","valueRequired":true,"valueName":"search_term_string"}}],"inLanguage":"tr"},{"@type":"Organization","@id":"https:\/\/www.7sense.tr\/#organization","name":"7Sense","url":"https:\/\/www.7sense.tr\/","logo":{"@type":"ImageObject","inLanguage":"tr","@id":"https:\/\/www.7sense.tr\/#\/schema\/logo\/image\/","url":"https:\/\/www.7sense.tr\/wp-content\/uploads\/2025\/05\/cropped-cropped-7s_colored-1.webp","contentUrl":"https:\/\/www.7sense.tr\/wp-content\/uploads\/2025\/05\/cropped-cropped-7s_colored-1.webp","width":923,"height":612,"caption":"7Sense"},"image":{"@id":"https:\/\/www.7sense.tr\/#\/schema\/logo\/image\/"},"sameAs":["https:\/\/www.facebook.com\/7sense.tr\/","https:\/\/www.instagram.com\/7sense.tr\/","https:\/\/www.youtube.com\/@7sense_tr"]}]}},"_links":{"self":[{"href":"https:\/\/www.7sense.tr\/index.php\/wp-json\/wp\/v2\/pages\/193","targetHints":{"allow":["GET"]}}],"collection":[{"href":"https:\/\/www.7sense.tr\/index.php\/wp-json\/wp\/v2\/pages"}],"about":[{"href":"https:\/\/www.7sense.tr\/index.php\/wp-json\/wp\/v2\/types\/page"}],"author":[{"embeddable":true,"href":"https:\/\/www.7sense.tr\/index.php\/wp-json\/wp\/v2\/users\/1"}],"replies":[{"embeddable":true,"href":"https:\/\/www.7sense.tr\/index.php\/wp-json\/wp\/v2\/comments?post=193"}],"version-history":[{"count":38,"href":"https:\/\/www.7sense.tr\/index.php\/wp-json\/wp\/v2\/pages\/193\/revisions"}],"predecessor-version":[{"id":1006,"href":"https:\/\/www.7sense.tr\/index.php\/wp-json\/wp\/v2\/pages\/193\/revisions\/1006"}],"wp:attachment":[{"href":"https:\/\/www.7sense.tr\/index.php\/wp-json\/wp\/v2\/media?parent=193"}],"curies":[{"name":"wp","href":"https:\/\/api.w.org\/{rel}","templated":true}]}}