{"id":430,"date":"2025-05-23T03:47:29","date_gmt":"2025-05-23T00:47:29","guid":{"rendered":"https:\/\/www.7sense.tr\/?page_id=430"},"modified":"2025-05-26T00:03:49","modified_gmt":"2025-05-25T21:03:49","slug":"test-edin","status":"publish","type":"page","link":"https:\/\/www.7sense.tr\/index.php\/test-edin\/","title":{"rendered":"Test Edin!"},"content":{"rendered":"\t\t<div data-elementor-type=\"wp-page\" data-elementor-id=\"430\" class=\"elementor elementor-430\" data-elementor-post-type=\"page\">\n\t\t\t\t<div class=\"elementor-element elementor-element-034ac2b e-flex e-con-boxed e-con e-parent\" data-id=\"034ac2b\" data-element_type=\"container\" data-settings=\"{&quot;background_background&quot;:&quot;classic&quot;}\">\n\t\t\t\t\t<div class=\"e-con-inner\">\n\t\t\t\t<div class=\"elementor-element elementor-element-f255634 elementor-widget elementor-widget-heading\" data-id=\"f255634\" data-element_type=\"widget\" data-widget_type=\"heading.default\">\n\t\t\t\t<div class=\"elementor-widget-container\">\n\t\t\t\t\t<h2 class=\"elementor-heading-title elementor-size-default\">Test Talebi Olu\u015fturun!<\/h2>\t\t\t\t<\/div>\n\t\t\t\t<\/div>\n\t\t\t\t\t<\/div>\n\t\t\t\t<\/div>\n\t\t<div class=\"elementor-element elementor-element-eef465f e-flex e-con-boxed e-con e-parent\" data-id=\"eef465f\" data-element_type=\"container\" data-settings=\"{&quot;background_background&quot;:&quot;gradient&quot;}\">\n\t\t\t\t\t<div class=\"e-con-inner\">\n\t\t<div class=\"elementor-element elementor-element-c839557 e-con-full e-flex e-con e-child\" data-id=\"c839557\" data-element_type=\"container\" data-settings=\"{&quot;background_background&quot;:&quot;classic&quot;}\">\n\t\t<div class=\"elementor-element elementor-element-d8fd5a3 e-con-full e-flex e-con e-child\" data-id=\"d8fd5a3\" data-element_type=\"container\">\n\t\t\t\t<div class=\"elementor-element elementor-element-0a96834 elementor-widget elementor-widget-image\" data-id=\"0a96834\" data-element_type=\"widget\" data-widget_type=\"image.default\">\n\t\t\t\t<div class=\"elementor-widget-container\">\n\t\t\t\t\t\t\t\t\t\t\t\t\t\t\t<img fetchpriority=\"high\" decoding=\"async\" width=\"1024\" height=\"683\" src=\"https:\/\/www.7sense.tr\/wp-content\/uploads\/2025\/05\/Citycentre_1-1024x683.jpg\" class=\"attachment-large size-large wp-image-500\" alt=\"7Sense SuperBrain\" srcset=\"https:\/\/www.7sense.tr\/wp-content\/uploads\/2025\/05\/Citycentre_1-1024x683.jpg 1024w, https:\/\/www.7sense.tr\/wp-content\/uploads\/2025\/05\/Citycentre_1-300x200.jpg 300w, https:\/\/www.7sense.tr\/wp-content\/uploads\/2025\/05\/Citycentre_1-768x512.jpg 768w, https:\/\/www.7sense.tr\/wp-content\/uploads\/2025\/05\/Citycentre_1-1536x1024.jpg 1536w, https:\/\/www.7sense.tr\/wp-content\/uploads\/2025\/05\/Citycentre_1-2048x1365.jpg 2048w\" sizes=\"(max-width: 1024px) 100vw, 1024px\" \/>\t\t\t\t\t\t\t\t\t\t\t\t\t\t\t<\/div>\n\t\t\t\t<\/div>\n\t\t\t\t<div class=\"elementor-element elementor-element-78229dc elementor-widget elementor-widget-heading\" data-id=\"78229dc\" data-element_type=\"widget\" data-widget_type=\"heading.default\">\n\t\t\t\t<div class=\"elementor-widget-container\">\n\t\t\t\t\t<h2 class=\"elementor-heading-title elementor-size-default\">Sizleri Ofisimize Bekliyoruz.<\/h2>\t\t\t\t<\/div>\n\t\t\t\t<\/div>\n\t\t\t\t<div class=\"elementor-element elementor-element-95d2fe9 elementor-widget elementor-widget-text-editor\" data-id=\"95d2fe9\" data-element_type=\"widget\" data-widget_type=\"text-editor.default\">\n\t\t\t\t<div class=\"elementor-widget-container\">\n\t\t\t\t\t\t\t\t\t<p data-start=\"137\" data-end=\"446\">7Sense \u00fcr\u00fcnleri, g\u00f6rme engelli bireylerin \u00e7evrelerini <strong data-start=\"191\" data-end=\"216\">dokunsal geribildirim<\/strong> yoluyla alg\u0131lamalar\u0131na olanak tan\u0131yan ileri d\u00fczey bir teknolojidir. Bu \u00f6zel deneyim, ciltle do\u011frudan temas gerektirdi\u011fi i\u00e7in, \u00fcr\u00fcn\u00fcn <strong data-start=\"350\" data-end=\"445\">temass\u0131z \u015fekilde test edilmesi veya uzaktan tam anlam\u0131yla de\u011ferlendirilmesi m\u00fcmk\u00fcn de\u011fildir<\/strong>.<\/p><p data-start=\"448\" data-end=\"716\">Hijyen standartlar\u0131n\u0131 ve ki\u015fisel kullan\u0131m ko\u015fullar\u0131n\u0131 dikkate alarak, <strong data-start=\"518\" data-end=\"552\">maalesef iade kabul edemiyoruz<\/strong>. Ayn\u0131 zamanda, 7Sense deneyiminin her birey i\u00e7in farkl\u0131l\u0131k g\u00f6sterebilece\u011fini biliyor ve bu nedenle, <strong data-start=\"653\" data-end=\"715\">\u00fcr\u00fcn\u00fcm\u00fcz\u00fc sat\u0131n almadan \u00f6nce mutlaka denemenizi istiyoruz<\/strong>.<\/p><p data-start=\"718\" data-end=\"911\">Sizleri Ankara\u2019daki ofisimizde a\u011f\u0131rlamaktan memnuniyet duyar\u0131z.<br data-start=\"781\" data-end=\"784\" \/><strong data-start=\"784\" data-end=\"855\">Randevu almak i\u00e7in formu doldurman\u0131z yeterlidir.<\/strong><br data-start=\"855\" data-end=\"858\" \/>Ekibimiz en k\u0131sa s\u00fcrede sizinle ileti\u015fime ge\u00e7ecektir.<\/p>\t\t\t\t\t\t\t\t<\/div>\n\t\t\t\t<\/div>\n\t\t\t\t<\/div>\n\t\t\t\t<\/div>\n\t\t<div class=\"elementor-element elementor-element-0bf3da5 e-con-full e-flex e-con e-child\" data-id=\"0bf3da5\" data-element_type=\"container\">\n\t\t\t\t<div class=\"elementor-element elementor-element-de69636 elementor-widget__width-initial elementor-button-align-stretch elementor-widget elementor-widget-form\" data-id=\"de69636\" data-element_type=\"widget\" data-settings=\"{&quot;step_next_label&quot;:&quot;Next&quot;,&quot;step_previous_label&quot;:&quot;Previous&quot;,&quot;button_width&quot;:&quot;100&quot;,&quot;step_type&quot;:&quot;number_text&quot;,&quot;step_icon_shape&quot;:&quot;circle&quot;}\" data-widget_type=\"form.default\">\n\t\t\t\t<div class=\"elementor-widget-container\">\n\t\t\t\t\t\t\t<form class=\"elementor-form\" method=\"post\" name=\"New Form\">\n\t\t\t<input type=\"hidden\" name=\"post_id\" value=\"430\"\/>\n\t\t\t<input type=\"hidden\" name=\"form_id\" value=\"de69636\"\/>\n\t\t\t<input type=\"hidden\" name=\"referer_title\" value=\"Test Edin! - 7Sense\" \/>\n\n\t\t\t\t\t\t\t<input type=\"hidden\" name=\"queried_id\" value=\"430\"\/>\n\t\t\t\n\t\t\t<div class=\"elementor-form-fields-wrapper elementor-labels-above\">\n\t\t\t\t\t\t\t\t<div class=\"elementor-field-type-text elementor-field-group elementor-column elementor-field-group-name elementor-col-100 elementor-field-required elementor-mark-required\">\n\t\t\t\t\t\t\t\t\t\t\t\t<label for=\"form-field-name\" class=\"elementor-field-label\">\n\t\t\t\t\t\t\t\tAd\u0131n\u0131z ve Soyad\u0131n\u0131z:\t\t\t\t\t\t\t<\/label>\n\t\t\t\t\t\t\t\t\t\t\t\t\t\t<input size=\"1\" type=\"text\" name=\"form_fields[name]\" id=\"form-field-name\" class=\"elementor-field elementor-size-sm  elementor-field-textual\" required=\"required\">\n\t\t\t\t\t\t\t\t\t\t\t<\/div>\n\t\t\t\t\t\t\t\t<div class=\"elementor-field-type-tel elementor-field-group elementor-column elementor-field-group-field_2edb683 elementor-col-100 elementor-field-required elementor-mark-required\">\n\t\t\t\t\t\t\t\t\t\t\t\t<label for=\"form-field-field_2edb683\" class=\"elementor-field-label\">\n\t\t\t\t\t\t\t\tTelefon Numaran\u0131z:\t\t\t\t\t\t\t<\/label>\n\t\t\t\t\t\t\t\t<input size=\"1\" type=\"tel\" name=\"form_fields[field_2edb683]\" id=\"form-field-field_2edb683\" class=\"elementor-field elementor-size-sm  elementor-field-textual\" required=\"required\" pattern=\"[0-9()#&amp;+*-=.]+\" title=\"Only numbers and phone characters (#, -, *, etc) are accepted.\">\n\n\t\t\t\t\t\t<\/div>\n\t\t\t\t\t\t\t\t<div class=\"elementor-field-type-email elementor-field-group elementor-column elementor-field-group-email elementor-col-100 elementor-field-required elementor-mark-required\">\n\t\t\t\t\t\t\t\t\t\t\t\t<label for=\"form-field-email\" class=\"elementor-field-label\">\n\t\t\t\t\t\t\t\tE-Posta Adresiniz:\t\t\t\t\t\t\t<\/label>\n\t\t\t\t\t\t\t\t\t\t\t\t\t\t<input size=\"1\" type=\"email\" name=\"form_fields[email]\" id=\"form-field-email\" class=\"elementor-field elementor-size-sm  elementor-field-textual\" required=\"required\">\n\t\t\t\t\t\t\t\t\t\t\t<\/div>\n\t\t\t\t\t\t\t\t<div class=\"elementor-field-type-textarea elementor-field-group elementor-column elementor-field-group-field_99baf5f elementor-col-100\">\n\t\t\t\t\t\t\t\t\t\t\t\t<label for=\"form-field-field_99baf5f\" class=\"elementor-field-label\">\n\t\t\t\t\t\t\t\tAdresiniz:\t\t\t\t\t\t\t<\/label>\n\t\t\t\t\t\t<textarea class=\"elementor-field-textual elementor-field  elementor-size-sm\" name=\"form_fields[field_99baf5f]\" id=\"form-field-field_99baf5f\" rows=\"4\"><\/textarea>\t\t\t\t<\/div>\n\t\t\t\t\t\t\t\t<div class=\"elementor-field-type-textarea elementor-field-group elementor-column elementor-field-group-message elementor-col-100\">\n\t\t\t\t\t\t\t\t\t\t\t\t<label for=\"form-field-message\" class=\"elementor-field-label\">\n\t\t\t\t\t\t\t\tMesaj\u0131n\u0131z:\t\t\t\t\t\t\t<\/label>\n\t\t\t\t\t\t<textarea class=\"elementor-field-textual elementor-field  elementor-size-sm\" name=\"form_fields[message]\" id=\"form-field-message\" rows=\"4\"><\/textarea>\t\t\t\t<\/div>\n\t\t\t\t\t\t\t\t<div class=\"elementor-field-type-recaptcha_v3 elementor-field-group elementor-column elementor-field-group-field_9c7ebb0 elementor-col-100 recaptcha_v3-bottomright\">\n\t\t\t\t\t<div class=\"elementor-field\" id=\"form-field-field_9c7ebb0\"><div class=\"elementor-g-recaptcha\" data-sitekey=\"6LeRlEgrAAAAAPLozaSxegDpAGTLyVOqR35oP3Bj\" data-type=\"v3\" data-action=\"Form\" data-badge=\"bottomright\" data-size=\"invisible\"><\/div><\/div>\t\t\t\t<\/div>\n\t\t\t\t\t\t\t\t<div class=\"elementor-field-group elementor-column elementor-field-type-submit elementor-col-100 e-form__buttons\">\n\t\t\t\t\t<button class=\"elementor-button elementor-size-sm\" type=\"submit\">\n\t\t\t\t\t\t<span class=\"elementor-button-content-wrapper\">\n\t\t\t\t\t\t\t\t\t\t\t\t\t\t\t\t\t\t\t\t\t\t<span class=\"elementor-button-text\">Talebinizi G\u00f6nderin!<\/span>\n\t\t\t\t\t\t\t\t\t\t\t\t\t<\/span>\n\t\t\t\t\t<\/button>\n\t\t\t\t<\/div>\n\t\t\t<\/div>\n\t\t<\/form>\n\t\t\t\t\t\t<\/div>\n\t\t\t\t<\/div>\n\t\t\t\t<\/div>\n\t\t\t\t\t<\/div>\n\t\t\t\t<\/div>\n\t\t<div class=\"elementor-element elementor-element-34b5c26 e-flex e-con-boxed e-con e-parent\" data-id=\"34b5c26\" data-element_type=\"container\">\n\t\t\t\t\t<div class=\"e-con-inner\">\n\t\t\t\t<div class=\"elementor-element elementor-element-647899c elementor-widget elementor-widget-html\" data-id=\"647899c\" data-element_type=\"widget\" data-widget_type=\"html.default\">\n\t\t\t\t<div class=\"elementor-widget-container\">\n\t\t\t\t\t<script>\r\ndocument.addEventListener(\"DOMContentLoaded\", function () {\r\n  const nameField = document.getElementById(\"form-field-name\");\r\n  const phoneField = document.getElementById(\"form-field-field_2edb683\");\r\n\r\n  \/\/ Sadece harf ve bo\u015fluk kabul et (T\u00fcrk\u00e7e karakterler dahil)\r\n  nameField.addEventListener(\"input\", function () {\r\n    this.value = this.value.replace(\/[^a-zA-Z\u00e7\u00c7\u011f\u011e\u0131\u0130\u00f6\u00d6\u015f\u015e\u00fc\u00dc\\s]\/g, \"\");\r\n  });\r\n\r\n  \/\/ Sadece rakam kabul et\r\n  phoneField.addEventListener(\"input\", function () {\r\n    this.value = this.value.replace(\/[^0-9]\/g, \"\");\r\n  });\r\n});\r\n<\/script>\r\n\t\t\t\t<\/div>\n\t\t\t\t<\/div>\n\t\t\t\t\t<\/div>\n\t\t\t\t<\/div>\n\t\t\t\t<\/div>\n\t\t","protected":false},"excerpt":{"rendered":"<p>Test Talebi Olu\u015fturun! Sizleri Ofisimize Bekliyoruz. 7Sense \u00fcr\u00fcnleri, g\u00f6rme engelli bireylerin \u00e7evrelerini dokunsal geribildirim yoluyla alg\u0131lamalar\u0131na olanak tan\u0131yan ileri d\u00fczey bir teknolojidir. Bu \u00f6zel deneyim, ciltle do\u011frudan temas gerektirdi\u011fi i\u00e7in, \u00fcr\u00fcn\u00fcn temass\u0131z \u015fekilde test edilmesi veya uzaktan tam anlam\u0131yla de\u011ferlendirilmesi m\u00fcmk\u00fcn de\u011fildir. Hijyen standartlar\u0131n\u0131 ve ki\u015fisel kullan\u0131m ko\u015fullar\u0131n\u0131 dikkate alarak, maalesef iade kabul edemiyoruz. Ayn\u0131 [&hellip;]<\/p>\n","protected":false},"author":1,"featured_media":0,"parent":0,"menu_order":0,"comment_status":"closed","ping_status":"closed","template":"elementor_header_footer","meta":{"footnotes":""},"class_list":["post-430","page","type-page","status-publish","hentry"],"yoast_head":"<!-- This site is optimized with the Yoast SEO plugin v25.8 - https:\/\/yoast.com\/wordpress\/plugins\/seo\/ -->\n<title>Test Edin! - 7Sense<\/title>\n<meta name=\"robots\" content=\"index, follow, max-snippet:-1, max-image-preview:large, max-video-preview:-1\" \/>\n<link rel=\"canonical\" href=\"https:\/\/www.7sense.tr\/index.php\/test-edin\/\" \/>\n<meta property=\"og:locale\" content=\"tr_TR\" \/>\n<meta property=\"og:type\" content=\"article\" \/>\n<meta property=\"og:title\" content=\"Test Edin! - 7Sense\" \/>\n<meta property=\"og:description\" content=\"Test Talebi Olu\u015fturun! Sizleri Ofisimize Bekliyoruz. 7Sense \u00fcr\u00fcnleri, g\u00f6rme engelli bireylerin \u00e7evrelerini dokunsal geribildirim yoluyla alg\u0131lamalar\u0131na olanak tan\u0131yan ileri d\u00fczey bir teknolojidir. Bu \u00f6zel deneyim, ciltle do\u011frudan temas gerektirdi\u011fi i\u00e7in, \u00fcr\u00fcn\u00fcn temass\u0131z \u015fekilde test edilmesi veya uzaktan tam anlam\u0131yla de\u011ferlendirilmesi m\u00fcmk\u00fcn de\u011fildir. Hijyen standartlar\u0131n\u0131 ve ki\u015fisel kullan\u0131m ko\u015fullar\u0131n\u0131 dikkate alarak, maalesef iade kabul edemiyoruz. Ayn\u0131 [&hellip;]\" \/>\n<meta property=\"og:url\" content=\"https:\/\/www.7sense.tr\/index.php\/test-edin\/\" \/>\n<meta property=\"og:site_name\" content=\"7Sense\" \/>\n<meta property=\"article:publisher\" content=\"https:\/\/www.facebook.com\/7sense.tr\/\" \/>\n<meta property=\"article:modified_time\" content=\"2025-05-25T21:03:49+00:00\" \/>\n<meta property=\"og:image\" content=\"https:\/\/www.7sense.tr\/wp-content\/uploads\/2025\/05\/Citycentre_1-scaled.jpg\" \/>\n\t<meta property=\"og:image:width\" content=\"2560\" \/>\n\t<meta property=\"og:image:height\" content=\"1707\" \/>\n\t<meta property=\"og:image:type\" content=\"image\/jpeg\" \/>\n<meta name=\"twitter:card\" content=\"summary_large_image\" \/>\n<meta name=\"twitter:label1\" content=\"Tahmini okuma s\u00fcresi\" \/>\n\t<meta name=\"twitter:data1\" content=\"1 dakika\" \/>\n<script type=\"application\/ld+json\" class=\"yoast-schema-graph\">{\"@context\":\"https:\/\/schema.org\",\"@graph\":[{\"@type\":\"WebPage\",\"@id\":\"https:\/\/www.7sense.tr\/index.php\/test-edin\/\",\"url\":\"https:\/\/www.7sense.tr\/index.php\/test-edin\/\",\"name\":\"Test Edin! - 7Sense\",\"isPartOf\":{\"@id\":\"https:\/\/www.7sense.tr\/#website\"},\"primaryImageOfPage\":{\"@id\":\"https:\/\/www.7sense.tr\/index.php\/test-edin\/#primaryimage\"},\"image\":{\"@id\":\"https:\/\/www.7sense.tr\/index.php\/test-edin\/#primaryimage\"},\"thumbnailUrl\":\"https:\/\/www.7sense.tr\/wp-content\/uploads\/2025\/05\/Citycentre_1-1024x683.jpg\",\"datePublished\":\"2025-05-23T00:47:29+00:00\",\"dateModified\":\"2025-05-25T21:03:49+00:00\",\"breadcrumb\":{\"@id\":\"https:\/\/www.7sense.tr\/index.php\/test-edin\/#breadcrumb\"},\"inLanguage\":\"tr\",\"potentialAction\":[{\"@type\":\"ReadAction\",\"target\":[\"https:\/\/www.7sense.tr\/index.php\/test-edin\/\"]}]},{\"@type\":\"ImageObject\",\"inLanguage\":\"tr\",\"@id\":\"https:\/\/www.7sense.tr\/index.php\/test-edin\/#primaryimage\",\"url\":\"https:\/\/www.7sense.tr\/wp-content\/uploads\/2025\/05\/Citycentre_1-scaled.jpg\",\"contentUrl\":\"https:\/\/www.7sense.tr\/wp-content\/uploads\/2025\/05\/Citycentre_1-scaled.jpg\",\"width\":2560,\"height\":1707,\"caption\":\"7Sense SuperBrain\"},{\"@type\":\"BreadcrumbList\",\"@id\":\"https:\/\/www.7sense.tr\/index.php\/test-edin\/#breadcrumb\",\"itemListElement\":[{\"@type\":\"ListItem\",\"position\":1,\"name\":\"Anasayfa\",\"item\":\"https:\/\/www.7sense.tr\/\"},{\"@type\":\"ListItem\",\"position\":2,\"name\":\"Test Edin!\"}]},{\"@type\":\"WebSite\",\"@id\":\"https:\/\/www.7sense.tr\/#website\",\"url\":\"https:\/\/www.7sense.tr\/\",\"name\":\"7Sense\",\"description\":\"G\u00f6rsel D\u00fcnyay\u0131 Hisset!\",\"publisher\":{\"@id\":\"https:\/\/www.7sense.tr\/#organization\"},\"alternateName\":\"7sense\",\"potentialAction\":[{\"@type\":\"SearchAction\",\"target\":{\"@type\":\"EntryPoint\",\"urlTemplate\":\"https:\/\/www.7sense.tr\/?s={search_term_string}\"},\"query-input\":{\"@type\":\"PropertyValueSpecification\",\"valueRequired\":true,\"valueName\":\"search_term_string\"}}],\"inLanguage\":\"tr\"},{\"@type\":\"Organization\",\"@id\":\"https:\/\/www.7sense.tr\/#organization\",\"name\":\"7Sense\",\"url\":\"https:\/\/www.7sense.tr\/\",\"logo\":{\"@type\":\"ImageObject\",\"inLanguage\":\"tr\",\"@id\":\"https:\/\/www.7sense.tr\/#\/schema\/logo\/image\/\",\"url\":\"https:\/\/www.7sense.tr\/wp-content\/uploads\/2025\/05\/cropped-cropped-7s_colored-1.webp\",\"contentUrl\":\"https:\/\/www.7sense.tr\/wp-content\/uploads\/2025\/05\/cropped-cropped-7s_colored-1.webp\",\"width\":923,\"height\":612,\"caption\":\"7Sense\"},\"image\":{\"@id\":\"https:\/\/www.7sense.tr\/#\/schema\/logo\/image\/\"},\"sameAs\":[\"https:\/\/www.facebook.com\/7sense.tr\/\",\"https:\/\/www.instagram.com\/7sense.tr\/\",\"https:\/\/www.youtube.com\/@7sense_tr\"]}]}<\/script>\n<!-- \/ Yoast SEO plugin. -->","yoast_head_json":{"title":"Test Edin! - 7Sense","robots":{"index":"index","follow":"follow","max-snippet":"max-snippet:-1","max-image-preview":"max-image-preview:large","max-video-preview":"max-video-preview:-1"},"canonical":"https:\/\/www.7sense.tr\/index.php\/test-edin\/","og_locale":"tr_TR","og_type":"article","og_title":"Test Edin! - 7Sense","og_description":"Test Talebi Olu\u015fturun! Sizleri Ofisimize Bekliyoruz. 7Sense \u00fcr\u00fcnleri, g\u00f6rme engelli bireylerin \u00e7evrelerini dokunsal geribildirim yoluyla alg\u0131lamalar\u0131na olanak tan\u0131yan ileri d\u00fczey bir teknolojidir. Bu \u00f6zel deneyim, ciltle do\u011frudan temas gerektirdi\u011fi i\u00e7in, \u00fcr\u00fcn\u00fcn temass\u0131z \u015fekilde test edilmesi veya uzaktan tam anlam\u0131yla de\u011ferlendirilmesi m\u00fcmk\u00fcn de\u011fildir. Hijyen standartlar\u0131n\u0131 ve ki\u015fisel kullan\u0131m ko\u015fullar\u0131n\u0131 dikkate alarak, maalesef iade kabul edemiyoruz. Ayn\u0131 [&hellip;]","og_url":"https:\/\/www.7sense.tr\/index.php\/test-edin\/","og_site_name":"7Sense","article_publisher":"https:\/\/www.facebook.com\/7sense.tr\/","article_modified_time":"2025-05-25T21:03:49+00:00","og_image":[{"width":2560,"height":1707,"url":"https:\/\/www.7sense.tr\/wp-content\/uploads\/2025\/05\/Citycentre_1-scaled.jpg","type":"image\/jpeg"}],"twitter_card":"summary_large_image","twitter_misc":{"Tahmini okuma s\u00fcresi":"1 dakika"},"schema":{"@context":"https:\/\/schema.org","@graph":[{"@type":"WebPage","@id":"https:\/\/www.7sense.tr\/index.php\/test-edin\/","url":"https:\/\/www.7sense.tr\/index.php\/test-edin\/","name":"Test Edin! - 7Sense","isPartOf":{"@id":"https:\/\/www.7sense.tr\/#website"},"primaryImageOfPage":{"@id":"https:\/\/www.7sense.tr\/index.php\/test-edin\/#primaryimage"},"image":{"@id":"https:\/\/www.7sense.tr\/index.php\/test-edin\/#primaryimage"},"thumbnailUrl":"https:\/\/www.7sense.tr\/wp-content\/uploads\/2025\/05\/Citycentre_1-1024x683.jpg","datePublished":"2025-05-23T00:47:29+00:00","dateModified":"2025-05-25T21:03:49+00:00","breadcrumb":{"@id":"https:\/\/www.7sense.tr\/index.php\/test-edin\/#breadcrumb"},"inLanguage":"tr","potentialAction":[{"@type":"ReadAction","target":["https:\/\/www.7sense.tr\/index.php\/test-edin\/"]}]},{"@type":"ImageObject","inLanguage":"tr","@id":"https:\/\/www.7sense.tr\/index.php\/test-edin\/#primaryimage","url":"https:\/\/www.7sense.tr\/wp-content\/uploads\/2025\/05\/Citycentre_1-scaled.jpg","contentUrl":"https:\/\/www.7sense.tr\/wp-content\/uploads\/2025\/05\/Citycentre_1-scaled.jpg","width":2560,"height":1707,"caption":"7Sense SuperBrain"},{"@type":"BreadcrumbList","@id":"https:\/\/www.7sense.tr\/index.php\/test-edin\/#breadcrumb","itemListElement":[{"@type":"ListItem","position":1,"name":"Anasayfa","item":"https:\/\/www.7sense.tr\/"},{"@type":"ListItem","position":2,"name":"Test Edin!"}]},{"@type":"WebSite","@id":"https:\/\/www.7sense.tr\/#website","url":"https:\/\/www.7sense.tr\/","name":"7Sense","description":"G\u00f6rsel D\u00fcnyay\u0131 Hisset!","publisher":{"@id":"https:\/\/www.7sense.tr\/#organization"},"alternateName":"7sense","potentialAction":[{"@type":"SearchAction","target":{"@type":"EntryPoint","urlTemplate":"https:\/\/www.7sense.tr\/?s={search_term_string}"},"query-input":{"@type":"PropertyValueSpecification","valueRequired":true,"valueName":"search_term_string"}}],"inLanguage":"tr"},{"@type":"Organization","@id":"https:\/\/www.7sense.tr\/#organization","name":"7Sense","url":"https:\/\/www.7sense.tr\/","logo":{"@type":"ImageObject","inLanguage":"tr","@id":"https:\/\/www.7sense.tr\/#\/schema\/logo\/image\/","url":"https:\/\/www.7sense.tr\/wp-content\/uploads\/2025\/05\/cropped-cropped-7s_colored-1.webp","contentUrl":"https:\/\/www.7sense.tr\/wp-content\/uploads\/2025\/05\/cropped-cropped-7s_colored-1.webp","width":923,"height":612,"caption":"7Sense"},"image":{"@id":"https:\/\/www.7sense.tr\/#\/schema\/logo\/image\/"},"sameAs":["https:\/\/www.facebook.com\/7sense.tr\/","https:\/\/www.instagram.com\/7sense.tr\/","https:\/\/www.youtube.com\/@7sense_tr"]}]}},"_links":{"self":[{"href":"https:\/\/www.7sense.tr\/index.php\/wp-json\/wp\/v2\/pages\/430","targetHints":{"allow":["GET"]}}],"collection":[{"href":"https:\/\/www.7sense.tr\/index.php\/wp-json\/wp\/v2\/pages"}],"about":[{"href":"https:\/\/www.7sense.tr\/index.php\/wp-json\/wp\/v2\/types\/page"}],"author":[{"embeddable":true,"href":"https:\/\/www.7sense.tr\/index.php\/wp-json\/wp\/v2\/users\/1"}],"replies":[{"embeddable":true,"href":"https:\/\/www.7sense.tr\/index.php\/wp-json\/wp\/v2\/comments?post=430"}],"version-history":[{"count":28,"href":"https:\/\/www.7sense.tr\/index.php\/wp-json\/wp\/v2\/pages\/430\/revisions"}],"predecessor-version":[{"id":698,"href":"https:\/\/www.7sense.tr\/index.php\/wp-json\/wp\/v2\/pages\/430\/revisions\/698"}],"wp:attachment":[{"href":"https:\/\/www.7sense.tr\/index.php\/wp-json\/wp\/v2\/media?parent=430"}],"curies":[{"name":"wp","href":"https:\/\/api.w.org\/{rel}","templated":true}]}}