{"id":437,"date":"2025-05-23T12:57:16","date_gmt":"2025-05-23T09:57:16","guid":{"rendered":"https:\/\/www.7sense.tr\/?page_id=437"},"modified":"2025-05-23T13:25:09","modified_gmt":"2025-05-23T10:25:09","slug":"gizlilik-politikasi","status":"publish","type":"page","link":"https:\/\/www.7sense.tr\/index.php\/gizlilik-politikasi\/","title":{"rendered":"Gizlilik Politikas\u0131"},"content":{"rendered":"\t\t<div data-elementor-type=\"wp-page\" data-elementor-id=\"437\" class=\"elementor elementor-437\" data-elementor-post-type=\"page\">\n\t\t\t\t<div class=\"elementor-element elementor-element-bf256ae e-flex e-con-boxed e-con e-parent\" data-id=\"bf256ae\" data-element_type=\"container\" data-settings=\"{&quot;background_background&quot;:&quot;classic&quot;}\">\n\t\t\t\t\t<div class=\"e-con-inner\">\n\t\t\t\t<div class=\"elementor-element elementor-element-48fd7cd elementor-widget elementor-widget-heading\" data-id=\"48fd7cd\" data-element_type=\"widget\" data-widget_type=\"heading.default\">\n\t\t\t\t<div class=\"elementor-widget-container\">\n\t\t\t\t\t<h2 class=\"elementor-heading-title elementor-size-default\">Gizlilik S\u00f6zle\u015fmesi<\/h2>\t\t\t\t<\/div>\n\t\t\t\t<\/div>\n\t\t\t\t<div class=\"elementor-element elementor-element-dbcb47a elementor-widget elementor-widget-text-editor\" data-id=\"dbcb47a\" data-element_type=\"widget\" data-widget_type=\"text-editor.default\">\n\t\t\t\t<div class=\"elementor-widget-container\">\n\t\t\t\t\t\t\t\t\t<p>7sense.tr kullan\u0131c\u0131lar\u0131m\u0131z\u0131n, sitemizden g\u00fcvenli \u015fekilde al\u0131\u015fveri\u015f yararlanabilmelerini sa\u011flamak amac\u0131yla firmam\u0131z ki\u015fisel verilerinizi 6698 say\u0131l\u0131 Ki\u015fisel Verilerin Korunmas\u0131 Kanunu\u2019na (\u201cKVKK\u201d) uygun olarak korumaktad\u0131r. KVKK 10. maddesi gere\u011fince ayd\u0131nlatma y\u00fck\u00fcml\u00fcl\u00fc\u011f\u00fcm\u00fcz\u00fc yerine getirmek amac\u0131yla, i\u015flenen ki\u015fisel verileriniz ve gizlilik politikam\u0131z hakk\u0131nda size bilgi vermek istiyoruz.<\/p><p>1.\u00a0 \u00a0 \u00a0Ki\u015fisel Veri<\/p><p>7sense.tr taraf\u0131ndan i\u015flenebilecek ve KVKK uyar\u0131nca ki\u015fisel veri say\u0131labilecek veriler \u015funlard\u0131r:<\/p><p>\u00b7\u00a0 \u00a0 \u00a0 Kimlik Bilgisi: Ad, soyad, T.C. Kimlik Numaras\u0131, cinsiyet, do\u011fum tarihi<\/p><p>\u00b7\u00a0 \u00a0 \u00a0 \u0130leti\u015fim Bilgisi: telefon numaras\u0131, teslimat adresi, fatura adresi, e-posta adresi<\/p><p>\u00b7\u00a0 \u00a0 \u00a0 Kullan\u0131c\u0131 Bilgisi: sipari\u015f ve fatura bilgisi, teslimat bilgisi<\/p><p>\u00b7\u00a0 \u00a0 \u00a0 Kullan\u0131c\u0131 \u0130\u015flem Bilgisi: \u00fcr\u00fcnlere ve sunulan hizmete ili\u015fkin talep\/\u015fikayet\/yorum\/soru i\u00e7erisinde bizzat payla\u015f\u0131lan bilgiler<\/p><p>\u00b7\u00a0 \u00a0 \u00a0 \u0130\u015flem G\u00fcvenli\u011fi Bilgisi: IP adresi bilgisi, \u015fifre ve parola bilgileri, \u00e7erez bilgileri<\/p><p>\u00b7\u00a0 \u00a0 \u00a0 Pazarlama Bilgisi: al\u0131\u015fveri\u015f ge\u00e7mi\u015fi bilgileri, yararlan\u0131lan kampanya bilgileri, profilleme ve segmentasyon bilgileriniz, \u00e7erez kay\u0131tlar\u0131<\/p><p>\u00b7\u00a0 \u00a0 \u00a0 \u0130\u015fitsel Kay\u0131t Bilgisi: \u00e7a\u011fr\u0131 merkeziyle g\u00f6r\u00fc\u015fmeniz halinde ses kayd\u0131n\u0131z.<\/p><p>2.\u00a0 \u00a0 \u00a0Ki\u015fisel Verinin \u0130\u015flenmesi, \u0130\u015flenme Amac\u0131 ve \u0130\u015flenmenin Hukuki Dayanaklar\u0131<\/p><p>KVKK uyar\u0131nca, firmam\u0131z ile payla\u015ft\u0131\u011f\u0131n\u0131z ki\u015fisel verileriniz, tamamen veya k\u0131smen, otomatik olarak veyahut herhangi bir veri kay\u0131t sisteminin par\u00e7as\u0131 olmak kayd\u0131yla otomatik olmayan yollarla elde edilerek, kaydedilerek, depolanarak, de\u011fi\u015ftirilerek, yeniden d\u00fczenlenerek, k\u0131sacas\u0131 veriler \u00fczerinde ger\u00e7ekle\u015ftirilen her t\u00fcrl\u00fc i\u015fleme konu olarak taraf\u0131m\u0131zdan i\u015flenebilecektir. KVKK kapsam\u0131nda veriler \u00fczerinde ger\u00e7ekle\u015ftirilen her t\u00fcrl\u00fc i\u015flem \u201cki\u015fisel verilerin i\u015flenmesi\u201d olarak kabul edilmektedir.<\/p><p>7sense.tr\u2018yi ziyaret etmeniz sebebiyle elde edilen ve bizimle payla\u015ft\u0131\u011f\u0131n\u0131z ki\u015fisel verileriniz, m\u00fc\u015fterilerimize sundu\u011fumuz hizmetlerin gerekliliklerini yerine getirebilmek, \u00fcr\u00fcn ve hizmetlerimizi geli\u015ftirebilmek amac\u0131yla i\u015flenmektedir. Ki\u015fisel verilerinizin i\u015flenmesi a\u015fa\u011f\u0131daki yasal d\u00fczenlemelere uygun \u015fekilde ger\u00e7ekle\u015fmektedir:<\/p><p>\u00b7\u00a0 \u00a0 \u00a0 6563 say\u0131l\u0131 Elektronik Ticaretin D\u00fczenlenmesi Hakk\u0131nda Kanun<\/p><p>\u00b7\u00a0 \u00a0 \u00a0 6502 say\u0131l\u0131 T\u00fcketicinin Korunmas\u0131 Hakk\u0131nda Kanun<\/p><p>\u00b7\u00a0 \u00a0 \u00a0 26.08.2015 tarihli 29457 say\u0131l\u0131 Resmi Gazete\u2019de yay\u0131nlanan Elektronik Ticarette Hizmet Sa\u011flay\u0131c\u0131 ve Arac\u0131 Hizmet Sa\u011flay\u0131c\u0131lar Hakk\u0131nda Y\u00f6netmelik<\/p><p>\u00b7\u00a0 \u00a0 \u00a0 27.11.2014 tarihli ve 29188 say\u0131l\u0131 Resmi Gazete\u2019de yay\u0131nlanan Mesafeli S\u00f6zle\u015fmeler Y\u00f6netmeli\u011fi<\/p><p>\u00b7\u00a0 \u00a0 \u00a0 Di\u011fer ilgili mevzuat<\/p><p>Bu d\u00fczenlemeler \u00e7er\u00e7evesinde, veri sahibinin kimlik, adres ve di\u011fer gerekli bilgilerini kaydederek, hizmetlerimizi s\u00f6zle\u015fmenin ve teknolojinin gerekliliklerine uygun bir \u015fekilde sunmaktay\u0131z.<\/p><p>Ayr\u0131ca, bankac\u0131l\u0131k ve elektronik \u00f6deme alan\u0131nda zorunlu olan \u00f6deme sistemlerini kullan\u0131rken, elektronik veya k\u00e2\u011f\u0131t ortam\u0131nda i\u015fleme dayanak olacak kay\u0131t ve belgeleri d\u00fczenlemekteyiz. Bunun yan\u0131 s\u0131ra, mevzuat ve otoriteler taraf\u0131ndan \u00f6ng\u00f6r\u00fclen bilgi saklama, raporlama ve bilgilendirme y\u00fck\u00fcml\u00fcl\u00fcklerine uyum sa\u011flamaktay\u0131z.<\/p><p>Kamu g\u00fcvenli\u011fi ile ilgili konular ve hukuki uyu\u015fmazl\u0131klar durumunda, talep halinde ve mevzuat gere\u011fi savc\u0131l\u0131klar, mahkemeler ve ilgili kamu g\u00f6revlilerine gerekli bilgileri sa\u011flamaktay\u0131z.<\/p><p>T\u00fcm bu i\u015flemler KVKK ve ilgili ikincil d\u00fczenlemelere uygun olarak ger\u00e7ekle\u015ftirilmektedir.<\/p><p>3.\u00a0 \u00a0 \u00a0\u0130\u015flenen Ki\u015fisel Verilerin Aktar\u0131ld\u0131\u011f\u0131 Yerler ve Aktar\u0131m Amac\u0131<\/p><p>Elde edilen ki\u015fisel verileriniz, KVKK\u2019n\u0131n 8. ve 9. maddelerinde belirtilen ki\u015fisel veri i\u015fleme \u015fartlar\u0131 ve ama\u00e7lar\u0131 do\u011frultusunda, a\u015fa\u011f\u0131daki kurumlar ve ki\u015filere aktar\u0131labilecektir:<\/p><p>\u00b7\u00a0 \u00a0 \u00a0 \u0130\u015f ortaklar\u0131: \u0130\u015f ortaklar\u0131m\u0131z, d\u0131\u015f kaynak hizmet sa\u011flay\u0131c\u0131lar\u0131, bar\u0131nd\u0131rma (hosting) hizmet sa\u011flay\u0131c\u0131lar\u0131, ara\u015ft\u0131rma \u015firketleri, \u00e7a\u011fr\u0131 merkezleri gibi kurumlar, i\u015flenen ki\u015fisel verilerin belirli ama\u00e7larla payla\u015f\u0131lmas\u0131na yard\u0131mc\u0131 olmak \u00fczere bilgi alabilirler.<\/p><p>\u00b7\u00a0 \u00a0 \u00a0 \u015eirket i\u015ftirakleri: \u015eirketimizin i\u015ftirakleri, i\u015flenen ki\u015fisel verileri belirlenen ama\u00e7larla kullanabilmek i\u00e7in aktar\u0131m alabilirler.<\/p><p>\u00b7\u00a0 \u00a0 \u00a0 Kanunen yetkili kamu kurumlar\u0131: Ki\u015fisel verileriniz, y\u00fcr\u00fcrl\u00fckteki kanunlar taraf\u0131ndan yetkilendirilmi\u015f kamu kurumlar\u0131na, hukuki d\u00fczenlemeler veya yasal zorunluluklar gere\u011fi aktar\u0131labilir.<\/p><p>\u00b7\u00a0 \u00a0 \u00a0 \u00d6zel ki\u015filer: Kanun\u2019un izin verdi\u011fi hallerde ve belirli \u015fartlar alt\u0131nda, ki\u015fisel verileriniz \u00f6zel ki\u015filere aktar\u0131labilir.<\/p><p>Bu aktar\u0131mlar, ki\u015fisel verilerinizin i\u015flenme ama\u00e7lar\u0131 do\u011frultusunda ve KVKK\u2019n\u0131n belirledi\u011fi \u015fartlara uygun olarak ger\u00e7ekle\u015ftirilir. Gizlilik ve g\u00fcvenlik \u00f6nlemleri al\u0131narak, ki\u015fisel verilerinizin korunmas\u0131na \u00f6zen g\u00f6sterilir.<\/p><p>4.\u00a0 \u00a0 \u00a0Ki\u015fisel Verilerin Korunmas\u0131<\/p><p>Payla\u015f\u0131lan ki\u015fisel verileriniz 7sense.tr\u2019nin g\u00f6zetimi ve kontrol\u00fc alt\u0131nda tutulmaktad\u0131r. Veri sorumlusu olarak, y\u00fcr\u00fcrl\u00fckteki ilgili mevzuat h\u00fck\u00fcmlerine uygun olarak ki\u015fisel verilerin gizlili\u011fini ve b\u00fct\u00fcnl\u00fc\u011f\u00fcn\u00fc korumak i\u00e7in gerekli \u00f6nlemleri almay\u0131 taahh\u00fct ediyoruz. Bu ba\u011flamda:<\/p><p>\u00b7\u00a0 \u00a0 \u00a0 Veri gizlili\u011fi konusundaki uluslararas\u0131 ve ulusal teknik standartlara uygun olarak periyodik aral\u0131klarla s\u0131zma testleri yapmaktay\u0131z.<\/p><p>\u00b7\u00a0 \u00a0 \u00a0 Ki\u015fisel verileriniz, web sitesi, mobil site ve mobil uygulama arac\u0131l\u0131\u011f\u0131yla 7sense.tr\u2019ye iletilirken SSL (Secure Sockets Layer) teknolojisi kullan\u0131larak korunmaktad\u0131r.<\/p><p>\u00b7\u00a0 \u00a0 \u00a0 Ki\u015fisel veri i\u015fleme faaliyetleri i\u00e7in d\u00fczenli olarak risk analizleri yap\u0131lmakta ve riskleri azaltmak i\u00e7in gerekli \u00f6nlemler al\u0131nmaktad\u0131r.<\/p><p>\u00b7\u00a0 \u00a0 \u00a0 Yetkisiz eri\u015fimleri engellemek amac\u0131yla eri\u015fim ve yetki kontrolleri uygulanmaktad\u0131r.<\/p><p>Bu \u00e7er\u00e7evede, veri i\u015fleme politikalar\u0131m\u0131z\u0131 d\u00fczenli olarak g\u00fcncelledi\u011fimizi, ki\u015fisel verilerinizin g\u00fcvenli\u011fini sa\u011flamak ve gizlili\u011fini korumak i\u00e7in gerekli t\u00fcm idari ve teknik tedbirleri ald\u0131\u011f\u0131m\u0131z\u0131 belirtmek isteriz.<\/p><p>5.\u00a0 \u00a0 \u00a0Ki\u015fisel Verilerin Korunmas\u0131na \u0130li\u015fkin \u0130lgili Ki\u015finin Haklar\u0131<\/p><p>\u0130\u015flenen ki\u015fisel verilerle ilgili mevzuat (KVKK 11. madde) uyar\u0131nca;<\/p><p>\u00b7\u00a0 \u00a0 \u00a0 Ki\u015fisel verilerinizin i\u015flenip i\u015flenmedi\u011fini \u00f6\u011frenme,<\/p><p>\u00b7\u00a0 \u00a0 \u00a0 Ki\u015fisel verileriniz i\u015flenmi\u015fse buna ili\u015fkin bilgi talep etme,<\/p><p>\u00b7\u00a0 \u00a0 \u00a0 Ki\u015fisel verilerinizin i\u015flenme amac\u0131n\u0131 ve bunlar\u0131n amac\u0131na uygun kullan\u0131l\u0131p kullan\u0131lmad\u0131\u011f\u0131n\u0131 \u00f6\u011frenme,<\/p><p>\u00b7\u00a0 \u00a0 \u00a0 Yurt i\u00e7inde veya yurt d\u0131\u015f\u0131nda ki\u015fisel verilerinizin aktar\u0131ld\u0131\u011f\u0131 \u00fc\u00e7\u00fcnc\u00fc partileri bilme,<\/p><p>\u00b7\u00a0 \u00a0 \u00a0 Ki\u015fisel verilerinizin eksik veya yanl\u0131\u015f i\u015flenmi\u015f olmas\u0131 h\u00e2linde bunlar\u0131n d\u00fczeltilmesini isteme,<\/p><p>\u00b7\u00a0 \u00a0 \u00a0 Ki\u015fisel verilerinizin silinmesini veya yok edilmesini isteme,<\/p><p>\u00b7\u00a0 \u00a0 \u00a0 Ki\u015fisel verilerin eksik veya yanl\u0131\u015f i\u015flenmi\u015f olmas\u0131 h\u00e2linde bunlar\u0131n d\u00fczeltilmesine ve\/veya ki\u015fisel verilerin silinmesine veya yok edilmesine ili\u015fkin i\u015flemlerin, ki\u015fisel verilerin aktar\u0131ld\u0131\u011f\u0131 \u00fc\u00e7\u00fcnc\u00fc ki\u015filere bildirilmesini isteme,<\/p><p>\u00b7\u00a0 \u00a0 \u00a0 \u0130\u015flenen verilerin m\u00fcnhas\u0131ran otomatik sistemler vas\u0131tas\u0131yla analiz edilmesi suretiyle aleyhinize bir sonucun ortaya \u00e7\u0131kmas\u0131na itiraz etme,<\/p><p>\u00b7\u00a0 \u00a0 \u00a0 Ki\u015fisel verilerinizin kanuna ayk\u0131r\u0131 olarak i\u015flenmesi sebebiyle zarara u\u011framas\u0131 h\u00e2linde zarar\u0131n giderilmesini talep etme, haklar\u0131na sahipsiniz.<\/p><p>T\u00fcm bu haklar\u0131n\u0131z\u0131n kullan\u0131m\u0131 i\u00e7in info@7sense.tr adresimizle bizimle ileti\u015fime ge\u00e7ebilirsiniz.<\/p><p>7sense.tr i\u015fbu Ki\u015fisel Verilerin Korunmas\u0131na Politikas\u0131 ve Ayd\u0131nlatma Metni\u2019ni y\u00fcr\u00fcrl\u00fckteki mevzuatta yap\u0131labilecek de\u011fi\u015fiklikler \u00e7er\u00e7evesinde her zaman g\u00fcncelleme hakk\u0131n\u0131 sakl\u0131 tutar.\u00a0<\/p>\t\t\t\t\t\t\t\t<\/div>\n\t\t\t\t<\/div>\n\t\t\t\t\t<\/div>\n\t\t\t\t<\/div>\n\t\t\t\t<\/div>\n\t\t","protected":false},"excerpt":{"rendered":"<p>Gizlilik S\u00f6zle\u015fmesi 7sense.tr kullan\u0131c\u0131lar\u0131m\u0131z\u0131n, sitemizden g\u00fcvenli \u015fekilde al\u0131\u015fveri\u015f yararlanabilmelerini sa\u011flamak amac\u0131yla firmam\u0131z ki\u015fisel verilerinizi 6698 say\u0131l\u0131 Ki\u015fisel Verilerin Korunmas\u0131 Kanunu\u2019na (\u201cKVKK\u201d) uygun olarak korumaktad\u0131r. KVKK 10. maddesi gere\u011fince ayd\u0131nlatma y\u00fck\u00fcml\u00fcl\u00fc\u011f\u00fcm\u00fcz\u00fc yerine getirmek amac\u0131yla, i\u015flenen ki\u015fisel verileriniz ve gizlilik politikam\u0131z hakk\u0131nda size bilgi vermek istiyoruz. 1.\u00a0 \u00a0 \u00a0Ki\u015fisel Veri 7sense.tr taraf\u0131ndan i\u015flenebilecek ve KVKK uyar\u0131nca ki\u015fisel [&hellip;]<\/p>\n","protected":false},"author":1,"featured_media":0,"parent":0,"menu_order":0,"comment_status":"closed","ping_status":"closed","template":"elementor_header_footer","meta":{"footnotes":""},"class_list":["post-437","page","type-page","status-publish","hentry"],"yoast_head":"<!-- This site is optimized with the Yoast SEO plugin v25.8 - https:\/\/yoast.com\/wordpress\/plugins\/seo\/ -->\n<title>Gizlilik Politikas\u0131 - 7Sense<\/title>\n<meta name=\"robots\" content=\"index, follow, max-snippet:-1, max-image-preview:large, max-video-preview:-1\" \/>\n<link rel=\"canonical\" href=\"https:\/\/www.7sense.tr\/index.php\/gizlilik-politikasi\/\" \/>\n<meta property=\"og:locale\" content=\"tr_TR\" \/>\n<meta property=\"og:type\" content=\"article\" \/>\n<meta property=\"og:title\" content=\"Gizlilik Politikas\u0131 - 7Sense\" \/>\n<meta property=\"og:description\" content=\"Gizlilik S\u00f6zle\u015fmesi 7sense.tr kullan\u0131c\u0131lar\u0131m\u0131z\u0131n, sitemizden g\u00fcvenli \u015fekilde al\u0131\u015fveri\u015f yararlanabilmelerini sa\u011flamak amac\u0131yla firmam\u0131z ki\u015fisel verilerinizi 6698 say\u0131l\u0131 Ki\u015fisel Verilerin Korunmas\u0131 Kanunu\u2019na (\u201cKVKK\u201d) uygun olarak korumaktad\u0131r. KVKK 10. maddesi gere\u011fince ayd\u0131nlatma y\u00fck\u00fcml\u00fcl\u00fc\u011f\u00fcm\u00fcz\u00fc yerine getirmek amac\u0131yla, i\u015flenen ki\u015fisel verileriniz ve gizlilik politikam\u0131z hakk\u0131nda size bilgi vermek istiyoruz. 1.\u00a0 \u00a0 \u00a0Ki\u015fisel Veri 7sense.tr taraf\u0131ndan i\u015flenebilecek ve KVKK uyar\u0131nca ki\u015fisel [&hellip;]\" \/>\n<meta property=\"og:url\" content=\"https:\/\/www.7sense.tr\/index.php\/gizlilik-politikasi\/\" \/>\n<meta property=\"og:site_name\" content=\"7Sense\" \/>\n<meta property=\"article:publisher\" content=\"https:\/\/www.facebook.com\/7sense.tr\/\" \/>\n<meta property=\"article:modified_time\" content=\"2025-05-23T10:25:09+00:00\" \/>\n<meta property=\"og:image\" content=\"https:\/\/www.7sense.tr\/wp-content\/uploads\/2025\/05\/youtube_kapak_03.png\" \/>\n\t<meta property=\"og:image:width\" content=\"2048\" \/>\n\t<meta property=\"og:image:height\" content=\"1152\" \/>\n\t<meta property=\"og:image:type\" content=\"image\/png\" \/>\n<meta name=\"twitter:card\" content=\"summary_large_image\" \/>\n<meta name=\"twitter:label1\" content=\"Tahmini okuma s\u00fcresi\" \/>\n\t<meta name=\"twitter:data1\" content=\"6 dakika\" \/>\n<script type=\"application\/ld+json\" class=\"yoast-schema-graph\">{\"@context\":\"https:\/\/schema.org\",\"@graph\":[{\"@type\":\"WebPage\",\"@id\":\"https:\/\/www.7sense.tr\/index.php\/gizlilik-politikasi\/\",\"url\":\"https:\/\/www.7sense.tr\/index.php\/gizlilik-politikasi\/\",\"name\":\"Gizlilik Politikas\u0131 - 7Sense\",\"isPartOf\":{\"@id\":\"https:\/\/www.7sense.tr\/#website\"},\"datePublished\":\"2025-05-23T09:57:16+00:00\",\"dateModified\":\"2025-05-23T10:25:09+00:00\",\"breadcrumb\":{\"@id\":\"https:\/\/www.7sense.tr\/index.php\/gizlilik-politikasi\/#breadcrumb\"},\"inLanguage\":\"tr\",\"potentialAction\":[{\"@type\":\"ReadAction\",\"target\":[\"https:\/\/www.7sense.tr\/index.php\/gizlilik-politikasi\/\"]}]},{\"@type\":\"BreadcrumbList\",\"@id\":\"https:\/\/www.7sense.tr\/index.php\/gizlilik-politikasi\/#breadcrumb\",\"itemListElement\":[{\"@type\":\"ListItem\",\"position\":1,\"name\":\"Anasayfa\",\"item\":\"https:\/\/www.7sense.tr\/\"},{\"@type\":\"ListItem\",\"position\":2,\"name\":\"Gizlilik Politikas\u0131\"}]},{\"@type\":\"WebSite\",\"@id\":\"https:\/\/www.7sense.tr\/#website\",\"url\":\"https:\/\/www.7sense.tr\/\",\"name\":\"7Sense\",\"description\":\"G\u00f6rsel D\u00fcnyay\u0131 Hisset!\",\"publisher\":{\"@id\":\"https:\/\/www.7sense.tr\/#organization\"},\"alternateName\":\"7sense\",\"potentialAction\":[{\"@type\":\"SearchAction\",\"target\":{\"@type\":\"EntryPoint\",\"urlTemplate\":\"https:\/\/www.7sense.tr\/?s={search_term_string}\"},\"query-input\":{\"@type\":\"PropertyValueSpecification\",\"valueRequired\":true,\"valueName\":\"search_term_string\"}}],\"inLanguage\":\"tr\"},{\"@type\":\"Organization\",\"@id\":\"https:\/\/www.7sense.tr\/#organization\",\"name\":\"7Sense\",\"url\":\"https:\/\/www.7sense.tr\/\",\"logo\":{\"@type\":\"ImageObject\",\"inLanguage\":\"tr\",\"@id\":\"https:\/\/www.7sense.tr\/#\/schema\/logo\/image\/\",\"url\":\"https:\/\/www.7sense.tr\/wp-content\/uploads\/2025\/05\/cropped-cropped-7s_colored-1.webp\",\"contentUrl\":\"https:\/\/www.7sense.tr\/wp-content\/uploads\/2025\/05\/cropped-cropped-7s_colored-1.webp\",\"width\":923,\"height\":612,\"caption\":\"7Sense\"},\"image\":{\"@id\":\"https:\/\/www.7sense.tr\/#\/schema\/logo\/image\/\"},\"sameAs\":[\"https:\/\/www.facebook.com\/7sense.tr\/\",\"https:\/\/www.instagram.com\/7sense.tr\/\",\"https:\/\/www.youtube.com\/@7sense_tr\"]}]}<\/script>\n<!-- \/ Yoast SEO plugin. -->","yoast_head_json":{"title":"Gizlilik Politikas\u0131 - 7Sense","robots":{"index":"index","follow":"follow","max-snippet":"max-snippet:-1","max-image-preview":"max-image-preview:large","max-video-preview":"max-video-preview:-1"},"canonical":"https:\/\/www.7sense.tr\/index.php\/gizlilik-politikasi\/","og_locale":"tr_TR","og_type":"article","og_title":"Gizlilik Politikas\u0131 - 7Sense","og_description":"Gizlilik S\u00f6zle\u015fmesi 7sense.tr kullan\u0131c\u0131lar\u0131m\u0131z\u0131n, sitemizden g\u00fcvenli \u015fekilde al\u0131\u015fveri\u015f yararlanabilmelerini sa\u011flamak amac\u0131yla firmam\u0131z ki\u015fisel verilerinizi 6698 say\u0131l\u0131 Ki\u015fisel Verilerin Korunmas\u0131 Kanunu\u2019na (\u201cKVKK\u201d) uygun olarak korumaktad\u0131r. KVKK 10. maddesi gere\u011fince ayd\u0131nlatma y\u00fck\u00fcml\u00fcl\u00fc\u011f\u00fcm\u00fcz\u00fc yerine getirmek amac\u0131yla, i\u015flenen ki\u015fisel verileriniz ve gizlilik politikam\u0131z hakk\u0131nda size bilgi vermek istiyoruz. 1.\u00a0 \u00a0 \u00a0Ki\u015fisel Veri 7sense.tr taraf\u0131ndan i\u015flenebilecek ve KVKK uyar\u0131nca ki\u015fisel [&hellip;]","og_url":"https:\/\/www.7sense.tr\/index.php\/gizlilik-politikasi\/","og_site_name":"7Sense","article_publisher":"https:\/\/www.facebook.com\/7sense.tr\/","article_modified_time":"2025-05-23T10:25:09+00:00","og_image":[{"width":2048,"height":1152,"url":"https:\/\/www.7sense.tr\/wp-content\/uploads\/2025\/05\/youtube_kapak_03.png","type":"image\/png"}],"twitter_card":"summary_large_image","twitter_misc":{"Tahmini okuma s\u00fcresi":"6 dakika"},"schema":{"@context":"https:\/\/schema.org","@graph":[{"@type":"WebPage","@id":"https:\/\/www.7sense.tr\/index.php\/gizlilik-politikasi\/","url":"https:\/\/www.7sense.tr\/index.php\/gizlilik-politikasi\/","name":"Gizlilik Politikas\u0131 - 7Sense","isPartOf":{"@id":"https:\/\/www.7sense.tr\/#website"},"datePublished":"2025-05-23T09:57:16+00:00","dateModified":"2025-05-23T10:25:09+00:00","breadcrumb":{"@id":"https:\/\/www.7sense.tr\/index.php\/gizlilik-politikasi\/#breadcrumb"},"inLanguage":"tr","potentialAction":[{"@type":"ReadAction","target":["https:\/\/www.7sense.tr\/index.php\/gizlilik-politikasi\/"]}]},{"@type":"BreadcrumbList","@id":"https:\/\/www.7sense.tr\/index.php\/gizlilik-politikasi\/#breadcrumb","itemListElement":[{"@type":"ListItem","position":1,"name":"Anasayfa","item":"https:\/\/www.7sense.tr\/"},{"@type":"ListItem","position":2,"name":"Gizlilik Politikas\u0131"}]},{"@type":"WebSite","@id":"https:\/\/www.7sense.tr\/#website","url":"https:\/\/www.7sense.tr\/","name":"7Sense","description":"G\u00f6rsel D\u00fcnyay\u0131 Hisset!","publisher":{"@id":"https:\/\/www.7sense.tr\/#organization"},"alternateName":"7sense","potentialAction":[{"@type":"SearchAction","target":{"@type":"EntryPoint","urlTemplate":"https:\/\/www.7sense.tr\/?s={search_term_string}"},"query-input":{"@type":"PropertyValueSpecification","valueRequired":true,"valueName":"search_term_string"}}],"inLanguage":"tr"},{"@type":"Organization","@id":"https:\/\/www.7sense.tr\/#organization","name":"7Sense","url":"https:\/\/www.7sense.tr\/","logo":{"@type":"ImageObject","inLanguage":"tr","@id":"https:\/\/www.7sense.tr\/#\/schema\/logo\/image\/","url":"https:\/\/www.7sense.tr\/wp-content\/uploads\/2025\/05\/cropped-cropped-7s_colored-1.webp","contentUrl":"https:\/\/www.7sense.tr\/wp-content\/uploads\/2025\/05\/cropped-cropped-7s_colored-1.webp","width":923,"height":612,"caption":"7Sense"},"image":{"@id":"https:\/\/www.7sense.tr\/#\/schema\/logo\/image\/"},"sameAs":["https:\/\/www.facebook.com\/7sense.tr\/","https:\/\/www.instagram.com\/7sense.tr\/","https:\/\/www.youtube.com\/@7sense_tr"]}]}},"_links":{"self":[{"href":"https:\/\/www.7sense.tr\/index.php\/wp-json\/wp\/v2\/pages\/437","targetHints":{"allow":["GET"]}}],"collection":[{"href":"https:\/\/www.7sense.tr\/index.php\/wp-json\/wp\/v2\/pages"}],"about":[{"href":"https:\/\/www.7sense.tr\/index.php\/wp-json\/wp\/v2\/types\/page"}],"author":[{"embeddable":true,"href":"https:\/\/www.7sense.tr\/index.php\/wp-json\/wp\/v2\/users\/1"}],"replies":[{"embeddable":true,"href":"https:\/\/www.7sense.tr\/index.php\/wp-json\/wp\/v2\/comments?post=437"}],"version-history":[{"count":5,"href":"https:\/\/www.7sense.tr\/index.php\/wp-json\/wp\/v2\/pages\/437\/revisions"}],"predecessor-version":[{"id":445,"href":"https:\/\/www.7sense.tr\/index.php\/wp-json\/wp\/v2\/pages\/437\/revisions\/445"}],"wp:attachment":[{"href":"https:\/\/www.7sense.tr\/index.php\/wp-json\/wp\/v2\/media?parent=437"}],"curies":[{"name":"wp","href":"https:\/\/api.w.org\/{rel}","templated":true}]}}