{"id":532,"date":"2025-05-24T00:55:32","date_gmt":"2025-05-23T21:55:32","guid":{"rendered":"https:\/\/www.7sense.tr\/?page_id=532"},"modified":"2025-05-24T11:00:15","modified_gmt":"2025-05-24T08:00:15","slug":"iade-politikasi","status":"publish","type":"page","link":"https:\/\/www.7sense.tr\/index.php\/iade-politikasi\/","title":{"rendered":"\u0130ade Politikas\u0131"},"content":{"rendered":"\t\t<div data-elementor-type=\"wp-page\" data-elementor-id=\"532\" class=\"elementor elementor-532\" data-elementor-post-type=\"page\">\n\t\t\t\t<div class=\"elementor-element elementor-element-da8e1bf e-flex e-con-boxed e-con e-parent\" data-id=\"da8e1bf\" data-element_type=\"container\">\n\t\t\t\t\t<div class=\"e-con-inner\">\n\t\t\t\t<div class=\"elementor-element elementor-element-b2e7358 elementor-widget elementor-widget-heading\" data-id=\"b2e7358\" data-element_type=\"widget\" data-widget_type=\"heading.default\">\n\t\t\t\t<div class=\"elementor-widget-container\">\n\t\t\t\t\t<h2 class=\"elementor-heading-title elementor-size-default\">\u0130ade Politikas\u0131<\/h2>\t\t\t\t<\/div>\n\t\t\t\t<\/div>\n\t\t\t\t\t<\/div>\n\t\t\t\t<\/div>\n\t\t<div class=\"elementor-element elementor-element-7c4fd28 e-flex e-con-boxed e-con e-parent\" data-id=\"7c4fd28\" data-element_type=\"container\">\n\t\t\t\t\t<div class=\"e-con-inner\">\n\t\t\t\t<div class=\"elementor-element elementor-element-02cb119 elementor-widget elementor-widget-text-editor\" data-id=\"02cb119\" data-element_type=\"widget\" data-widget_type=\"text-editor.default\">\n\t\t\t\t<div class=\"elementor-widget-container\">\n\t\t\t\t\t\t\t\t\t<p data-start=\"179\" data-end=\"441\"><strong data-start=\"179\" data-end=\"192\">7sense.tr<\/strong> olarak sat\u0131\u015f\u0131n\u0131 ger\u00e7ekle\u015ftirdi\u011fimiz <strong data-start=\"229\" data-end=\"245\">SuperBrain 1<\/strong> ve <strong data-start=\"249\" data-end=\"268\">SuperBrain Lite<\/strong> cihazlar\u0131, g\u00f6rme engelli bireylerin \u00e7evrelerini dokunsal geribildirimler arac\u0131l\u0131\u011f\u0131yla alg\u0131lamalar\u0131n\u0131 sa\u011flayan, ileri teknolojiye sahip ki\u015fisel kullan\u0131ma y\u00f6nelik \u00fcr\u00fcnlerdir.<\/p><p data-start=\"443\" data-end=\"689\">Bu cihazlar\u0131n etkili bir \u015fekilde deneyimlenmesi ve de\u011ferlendirilmesi, do\u011frudan cilt temas\u0131 gerektirmektedir. Dolay\u0131s\u0131yla \u00fcr\u00fcn, bir kez kullan\u0131ld\u0131\u011f\u0131nda yeniden sat\u0131\u015fa uygunlu\u011fu ve hijyen ko\u015fullar\u0131 geri d\u00f6n\u00fclmez bi\u00e7imde etkilenmektedir. Bu nedenle:<\/p><ul data-start=\"691\" data-end=\"987\"><li data-start=\"691\" data-end=\"787\"><p data-start=\"693\" data-end=\"787\"><strong data-start=\"693\" data-end=\"742\">Kullan\u0131m \u00f6zellikleri ve hijyen gerek\u00e7eleriyle<\/strong> \u00fcr\u00fcnlerimizde <strong data-start=\"757\" data-end=\"786\">iade kabul edilmemektedir<\/strong>.<\/p><\/li><li data-start=\"788\" data-end=\"987\"><p data-start=\"790\" data-end=\"987\">Her bireyde farkl\u0131 sonu\u00e7lar do\u011furabilecek bir deneyim sundu\u011fumuzun bilincindeyiz. Bu nedenle, sat\u0131n alma karar\u0131 \u00f6ncesinde <strong data-start=\"912\" data-end=\"987\">\u00fcr\u00fcnleri birebir ve \u00fccretsiz olarak denemenizi istiyoruz.<\/strong><\/p><\/li><\/ul><p data-start=\"1025\" data-end=\"1230\">\u00a0<\/p>\t\t\t\t\t\t\t\t<\/div>\n\t\t\t\t<\/div>\n\t\t\t\t\t<\/div>\n\t\t\t\t<\/div>\n\t\t<div class=\"elementor-element elementor-element-2fcd618 e-flex e-con-boxed e-con e-parent\" data-id=\"2fcd618\" data-element_type=\"container\">\n\t\t\t\t\t<div class=\"e-con-inner\">\n\t\t\t\t<div class=\"elementor-element elementor-element-37ea1f5 elementor-widget elementor-widget-heading\" data-id=\"37ea1f5\" data-element_type=\"widget\" data-widget_type=\"heading.default\">\n\t\t\t\t<div class=\"elementor-widget-container\">\n\t\t\t\t\t<h2 class=\"elementor-heading-title elementor-size-default\">Deneme \u0130mk\u00e2n\u0131<\/h2>\t\t\t\t<\/div>\n\t\t\t\t<\/div>\n\t\t\t\t\t<\/div>\n\t\t\t\t<\/div>\n\t\t<div class=\"elementor-element elementor-element-3fdadda e-flex e-con-boxed e-con e-parent\" data-id=\"3fdadda\" data-element_type=\"container\">\n\t\t\t\t\t<div class=\"e-con-inner\">\n\t\t\t\t<div class=\"elementor-element elementor-element-037b1d1 elementor-widget elementor-widget-text-editor\" data-id=\"037b1d1\" data-element_type=\"widget\" data-widget_type=\"text-editor.default\">\n\t\t\t\t<div class=\"elementor-widget-container\">\n\t\t\t\t\t\t\t\t\t<p style=\"letter-spacing: -0.1px;\" data-start=\"1025\" data-end=\"1230\">Ankara&#8217;daki ofisimizde, 7Sense&#8217;i\u00a0<strong data-start=\"1071\" data-end=\"1091\">tamamen \u00fccretsiz<\/strong>\u00a0olarak deneyimleyebilirsiniz. Randevu almak i\u00e7in <span style=\"color: #db4167;\"><a style=\"color: #db4167;\" href=\"https:\/\/www.7sense.tr\/index.php\/test-edin\/\"><strong>bu ba\u011flant\u0131ya<\/strong><\/a><\/span> t\u0131klayarak talep olu\u015fturabilirsiniz.\u00a0Ekibimiz sizlere en k\u0131sa s\u00fcrede d\u00f6n\u00fc\u015f sa\u011flayacakt\u0131r.<\/p><p style=\"letter-spacing: -0.1px;\" data-start=\"1232\" data-end=\"1449\">Amac\u0131m\u0131z, kullan\u0131c\u0131lar\u0131m\u0131z\u0131n ihtiya\u00e7lar\u0131na en uygun \u00e7\u00f6z\u00fcm\u00fc sunmak ve \u00fcr\u00fcnden en y\u00fcksek fayday\u0131 sa\u011flamalar\u0131n\u0131 temin etmektir. Bu do\u011frultuda, sat\u0131\u015f \u00f6ncesinde\u00a0<strong data-start=\"1388\" data-end=\"1428\">\u015feffafl\u0131k ve kullan\u0131c\u0131 memnuniyetini<\/strong>\u00a0\u00f6n planda tutuyoruz.<\/p><p style=\"letter-spacing: -0.1px;\" data-start=\"1451\" data-end=\"1505\"><strong data-start=\"1451\" data-end=\"1505\">7sense.tr olarak anlay\u0131\u015f\u0131n\u0131z i\u00e7in te\u015fekk\u00fcr ederiz.<\/strong><\/p>\t\t\t\t\t\t\t\t<\/div>\n\t\t\t\t<\/div>\n\t\t\t\t\t<\/div>\n\t\t\t\t<\/div>\n\t\t\t\t<\/div>\n\t\t","protected":false},"excerpt":{"rendered":"<p>\u0130ade Politikas\u0131 7sense.tr olarak sat\u0131\u015f\u0131n\u0131 ger\u00e7ekle\u015ftirdi\u011fimiz SuperBrain 1 ve SuperBrain Lite cihazlar\u0131, g\u00f6rme engelli bireylerin \u00e7evrelerini dokunsal geribildirimler arac\u0131l\u0131\u011f\u0131yla alg\u0131lamalar\u0131n\u0131 sa\u011flayan, ileri teknolojiye sahip ki\u015fisel kullan\u0131ma y\u00f6nelik \u00fcr\u00fcnlerdir. Bu cihazlar\u0131n etkili bir \u015fekilde deneyimlenmesi ve de\u011ferlendirilmesi, do\u011frudan cilt temas\u0131 gerektirmektedir. Dolay\u0131s\u0131yla \u00fcr\u00fcn, bir kez kullan\u0131ld\u0131\u011f\u0131nda yeniden sat\u0131\u015fa uygunlu\u011fu ve hijyen ko\u015fullar\u0131 geri d\u00f6n\u00fclmez bi\u00e7imde etkilenmektedir. [&hellip;]<\/p>\n","protected":false},"author":1,"featured_media":0,"parent":0,"menu_order":0,"comment_status":"closed","ping_status":"closed","template":"elementor_header_footer","meta":{"footnotes":""},"class_list":["post-532","page","type-page","status-publish","hentry"],"yoast_head":"<!-- This site is optimized with the Yoast SEO plugin v25.8 - https:\/\/yoast.com\/wordpress\/plugins\/seo\/ -->\n<title>\u0130ade Politikas\u0131 - 7Sense<\/title>\n<meta name=\"robots\" content=\"index, follow, max-snippet:-1, max-image-preview:large, max-video-preview:-1\" \/>\n<link rel=\"canonical\" href=\"https:\/\/www.7sense.tr\/index.php\/iade-politikasi\/\" \/>\n<meta property=\"og:locale\" content=\"tr_TR\" \/>\n<meta property=\"og:type\" content=\"article\" \/>\n<meta property=\"og:title\" content=\"\u0130ade Politikas\u0131 - 7Sense\" \/>\n<meta property=\"og:description\" content=\"\u0130ade Politikas\u0131 7sense.tr olarak sat\u0131\u015f\u0131n\u0131 ger\u00e7ekle\u015ftirdi\u011fimiz SuperBrain 1 ve SuperBrain Lite cihazlar\u0131, g\u00f6rme engelli bireylerin \u00e7evrelerini dokunsal geribildirimler arac\u0131l\u0131\u011f\u0131yla alg\u0131lamalar\u0131n\u0131 sa\u011flayan, ileri teknolojiye sahip ki\u015fisel kullan\u0131ma y\u00f6nelik \u00fcr\u00fcnlerdir. Bu cihazlar\u0131n etkili bir \u015fekilde deneyimlenmesi ve de\u011ferlendirilmesi, do\u011frudan cilt temas\u0131 gerektirmektedir. Dolay\u0131s\u0131yla \u00fcr\u00fcn, bir kez kullan\u0131ld\u0131\u011f\u0131nda yeniden sat\u0131\u015fa uygunlu\u011fu ve hijyen ko\u015fullar\u0131 geri d\u00f6n\u00fclmez bi\u00e7imde etkilenmektedir. [&hellip;]\" \/>\n<meta property=\"og:url\" content=\"https:\/\/www.7sense.tr\/index.php\/iade-politikasi\/\" \/>\n<meta property=\"og:site_name\" content=\"7Sense\" \/>\n<meta property=\"article:publisher\" content=\"https:\/\/www.facebook.com\/7sense.tr\/\" \/>\n<meta property=\"article:modified_time\" content=\"2025-05-24T08:00:15+00:00\" \/>\n<meta property=\"og:image\" content=\"https:\/\/www.7sense.tr\/wp-content\/uploads\/2025\/05\/youtube_kapak_03.png\" \/>\n\t<meta property=\"og:image:width\" content=\"2048\" \/>\n\t<meta property=\"og:image:height\" content=\"1152\" \/>\n\t<meta property=\"og:image:type\" content=\"image\/png\" \/>\n<meta name=\"twitter:card\" content=\"summary_large_image\" \/>\n<meta name=\"twitter:label1\" content=\"Tahmini okuma s\u00fcresi\" \/>\n\t<meta name=\"twitter:data1\" content=\"1 dakika\" \/>\n<script type=\"application\/ld+json\" class=\"yoast-schema-graph\">{\"@context\":\"https:\/\/schema.org\",\"@graph\":[{\"@type\":\"WebPage\",\"@id\":\"https:\/\/www.7sense.tr\/index.php\/iade-politikasi\/\",\"url\":\"https:\/\/www.7sense.tr\/index.php\/iade-politikasi\/\",\"name\":\"\u0130ade Politikas\u0131 - 7Sense\",\"isPartOf\":{\"@id\":\"https:\/\/www.7sense.tr\/#website\"},\"datePublished\":\"2025-05-23T21:55:32+00:00\",\"dateModified\":\"2025-05-24T08:00:15+00:00\",\"breadcrumb\":{\"@id\":\"https:\/\/www.7sense.tr\/index.php\/iade-politikasi\/#breadcrumb\"},\"inLanguage\":\"tr\",\"potentialAction\":[{\"@type\":\"ReadAction\",\"target\":[\"https:\/\/www.7sense.tr\/index.php\/iade-politikasi\/\"]}]},{\"@type\":\"BreadcrumbList\",\"@id\":\"https:\/\/www.7sense.tr\/index.php\/iade-politikasi\/#breadcrumb\",\"itemListElement\":[{\"@type\":\"ListItem\",\"position\":1,\"name\":\"Anasayfa\",\"item\":\"https:\/\/www.7sense.tr\/\"},{\"@type\":\"ListItem\",\"position\":2,\"name\":\"\u0130ade Politikas\u0131\"}]},{\"@type\":\"WebSite\",\"@id\":\"https:\/\/www.7sense.tr\/#website\",\"url\":\"https:\/\/www.7sense.tr\/\",\"name\":\"7Sense\",\"description\":\"G\u00f6rsel D\u00fcnyay\u0131 Hisset!\",\"publisher\":{\"@id\":\"https:\/\/www.7sense.tr\/#organization\"},\"alternateName\":\"7sense\",\"potentialAction\":[{\"@type\":\"SearchAction\",\"target\":{\"@type\":\"EntryPoint\",\"urlTemplate\":\"https:\/\/www.7sense.tr\/?s={search_term_string}\"},\"query-input\":{\"@type\":\"PropertyValueSpecification\",\"valueRequired\":true,\"valueName\":\"search_term_string\"}}],\"inLanguage\":\"tr\"},{\"@type\":\"Organization\",\"@id\":\"https:\/\/www.7sense.tr\/#organization\",\"name\":\"7Sense\",\"url\":\"https:\/\/www.7sense.tr\/\",\"logo\":{\"@type\":\"ImageObject\",\"inLanguage\":\"tr\",\"@id\":\"https:\/\/www.7sense.tr\/#\/schema\/logo\/image\/\",\"url\":\"https:\/\/www.7sense.tr\/wp-content\/uploads\/2025\/05\/cropped-cropped-7s_colored-1.webp\",\"contentUrl\":\"https:\/\/www.7sense.tr\/wp-content\/uploads\/2025\/05\/cropped-cropped-7s_colored-1.webp\",\"width\":923,\"height\":612,\"caption\":\"7Sense\"},\"image\":{\"@id\":\"https:\/\/www.7sense.tr\/#\/schema\/logo\/image\/\"},\"sameAs\":[\"https:\/\/www.facebook.com\/7sense.tr\/\",\"https:\/\/www.instagram.com\/7sense.tr\/\",\"https:\/\/www.youtube.com\/@7sense_tr\"]}]}<\/script>\n<!-- \/ Yoast SEO plugin. -->","yoast_head_json":{"title":"\u0130ade Politikas\u0131 - 7Sense","robots":{"index":"index","follow":"follow","max-snippet":"max-snippet:-1","max-image-preview":"max-image-preview:large","max-video-preview":"max-video-preview:-1"},"canonical":"https:\/\/www.7sense.tr\/index.php\/iade-politikasi\/","og_locale":"tr_TR","og_type":"article","og_title":"\u0130ade Politikas\u0131 - 7Sense","og_description":"\u0130ade Politikas\u0131 7sense.tr olarak sat\u0131\u015f\u0131n\u0131 ger\u00e7ekle\u015ftirdi\u011fimiz SuperBrain 1 ve SuperBrain Lite cihazlar\u0131, g\u00f6rme engelli bireylerin \u00e7evrelerini dokunsal geribildirimler arac\u0131l\u0131\u011f\u0131yla alg\u0131lamalar\u0131n\u0131 sa\u011flayan, ileri teknolojiye sahip ki\u015fisel kullan\u0131ma y\u00f6nelik \u00fcr\u00fcnlerdir. Bu cihazlar\u0131n etkili bir \u015fekilde deneyimlenmesi ve de\u011ferlendirilmesi, do\u011frudan cilt temas\u0131 gerektirmektedir. Dolay\u0131s\u0131yla \u00fcr\u00fcn, bir kez kullan\u0131ld\u0131\u011f\u0131nda yeniden sat\u0131\u015fa uygunlu\u011fu ve hijyen ko\u015fullar\u0131 geri d\u00f6n\u00fclmez bi\u00e7imde etkilenmektedir. [&hellip;]","og_url":"https:\/\/www.7sense.tr\/index.php\/iade-politikasi\/","og_site_name":"7Sense","article_publisher":"https:\/\/www.facebook.com\/7sense.tr\/","article_modified_time":"2025-05-24T08:00:15+00:00","og_image":[{"width":2048,"height":1152,"url":"https:\/\/www.7sense.tr\/wp-content\/uploads\/2025\/05\/youtube_kapak_03.png","type":"image\/png"}],"twitter_card":"summary_large_image","twitter_misc":{"Tahmini okuma s\u00fcresi":"1 dakika"},"schema":{"@context":"https:\/\/schema.org","@graph":[{"@type":"WebPage","@id":"https:\/\/www.7sense.tr\/index.php\/iade-politikasi\/","url":"https:\/\/www.7sense.tr\/index.php\/iade-politikasi\/","name":"\u0130ade Politikas\u0131 - 7Sense","isPartOf":{"@id":"https:\/\/www.7sense.tr\/#website"},"datePublished":"2025-05-23T21:55:32+00:00","dateModified":"2025-05-24T08:00:15+00:00","breadcrumb":{"@id":"https:\/\/www.7sense.tr\/index.php\/iade-politikasi\/#breadcrumb"},"inLanguage":"tr","potentialAction":[{"@type":"ReadAction","target":["https:\/\/www.7sense.tr\/index.php\/iade-politikasi\/"]}]},{"@type":"BreadcrumbList","@id":"https:\/\/www.7sense.tr\/index.php\/iade-politikasi\/#breadcrumb","itemListElement":[{"@type":"ListItem","position":1,"name":"Anasayfa","item":"https:\/\/www.7sense.tr\/"},{"@type":"ListItem","position":2,"name":"\u0130ade Politikas\u0131"}]},{"@type":"WebSite","@id":"https:\/\/www.7sense.tr\/#website","url":"https:\/\/www.7sense.tr\/","name":"7Sense","description":"G\u00f6rsel D\u00fcnyay\u0131 Hisset!","publisher":{"@id":"https:\/\/www.7sense.tr\/#organization"},"alternateName":"7sense","potentialAction":[{"@type":"SearchAction","target":{"@type":"EntryPoint","urlTemplate":"https:\/\/www.7sense.tr\/?s={search_term_string}"},"query-input":{"@type":"PropertyValueSpecification","valueRequired":true,"valueName":"search_term_string"}}],"inLanguage":"tr"},{"@type":"Organization","@id":"https:\/\/www.7sense.tr\/#organization","name":"7Sense","url":"https:\/\/www.7sense.tr\/","logo":{"@type":"ImageObject","inLanguage":"tr","@id":"https:\/\/www.7sense.tr\/#\/schema\/logo\/image\/","url":"https:\/\/www.7sense.tr\/wp-content\/uploads\/2025\/05\/cropped-cropped-7s_colored-1.webp","contentUrl":"https:\/\/www.7sense.tr\/wp-content\/uploads\/2025\/05\/cropped-cropped-7s_colored-1.webp","width":923,"height":612,"caption":"7Sense"},"image":{"@id":"https:\/\/www.7sense.tr\/#\/schema\/logo\/image\/"},"sameAs":["https:\/\/www.facebook.com\/7sense.tr\/","https:\/\/www.instagram.com\/7sense.tr\/","https:\/\/www.youtube.com\/@7sense_tr"]}]}},"_links":{"self":[{"href":"https:\/\/www.7sense.tr\/index.php\/wp-json\/wp\/v2\/pages\/532","targetHints":{"allow":["GET"]}}],"collection":[{"href":"https:\/\/www.7sense.tr\/index.php\/wp-json\/wp\/v2\/pages"}],"about":[{"href":"https:\/\/www.7sense.tr\/index.php\/wp-json\/wp\/v2\/types\/page"}],"author":[{"embeddable":true,"href":"https:\/\/www.7sense.tr\/index.php\/wp-json\/wp\/v2\/users\/1"}],"replies":[{"embeddable":true,"href":"https:\/\/www.7sense.tr\/index.php\/wp-json\/wp\/v2\/comments?post=532"}],"version-history":[{"count":13,"href":"https:\/\/www.7sense.tr\/index.php\/wp-json\/wp\/v2\/pages\/532\/revisions"}],"predecessor-version":[{"id":566,"href":"https:\/\/www.7sense.tr\/index.php\/wp-json\/wp\/v2\/pages\/532\/revisions\/566"}],"wp:attachment":[{"href":"https:\/\/www.7sense.tr\/index.php\/wp-json\/wp\/v2\/media?parent=532"}],"curies":[{"name":"wp","href":"https:\/\/api.w.org\/{rel}","templated":true}]}}